{"id":17,"date":"2018-02-13T10:33:37","date_gmt":"2018-02-13T09:33:37","guid":{"rendered":"http:\/\/www.musikverein-bobenheim.de\/concertbob\/?page_id=17"},"modified":"2026-02-09T16:34:11","modified_gmt":"2026-02-09T15:34:11","slug":"allgemeines","status":"publish","type":"page","link":"https:\/\/www.musikverein-bobenheim.de\/concertbob\/","title":{"rendered":"Aktuelles"},"content":{"rendered":"\t\t<div data-elementor-type=\"wp-post\" data-elementor-id=\"17\" class=\"elementor elementor-17\">\n\t\t\t\t\t\t<section class=\"elementor-section elementor-top-section elementor-element elementor-element-8f3fd3c elementor-section-boxed elementor-section-height-default elementor-section-height-default\" data-id=\"8f3fd3c\" data-element_type=\"section\" data-e-type=\"section\">\n\t\t\t\t\t\t<div class=\"elementor-container elementor-column-gap-default\">\n\t\t\t\t\t<div class=\"elementor-column elementor-col-100 elementor-top-column elementor-element elementor-element-23d2e39\" data-id=\"23d2e39\" data-element_type=\"column\" data-e-type=\"column\">\n\t\t\t<div class=\"elementor-widget-wrap elementor-element-populated\">\n\t\t\t\t\t\t<div class=\"elementor-element elementor-element-f92efe6 elementor-widget elementor-widget-heading\" data-id=\"f92efe6\" data-element_type=\"widget\" data-e-type=\"widget\" data-widget_type=\"heading.default\">\n\t\t\t\t<div class=\"elementor-widget-container\">\n\t\t\t\t\t<h1 class=\"elementor-heading-title elementor-size-default\">Unsere n\u00e4chsten Konzerte:<\/h1>\t\t\t\t<\/div>\n\t\t\t\t<\/div>\n\t\t\t\t\t<\/div>\n\t\t<\/div>\n\t\t\t\t\t<\/div>\n\t\t<\/section>\n\t\t\t\t<section class=\"elementor-section elementor-top-section elementor-element elementor-element-a84466a elementor-section-boxed elementor-section-height-default elementor-section-height-default\" data-id=\"a84466a\" data-element_type=\"section\" data-e-type=\"section\">\n\t\t\t\t\t\t<div class=\"elementor-container elementor-column-gap-default\">\n\t\t\t\t\t<div class=\"elementor-column elementor-col-100 elementor-top-column elementor-element elementor-element-0e576e2\" data-id=\"0e576e2\" data-element_type=\"column\" data-e-type=\"column\">\n\t\t\t<div class=\"elementor-widget-wrap elementor-element-populated\">\n\t\t\t\t\t\t<div class=\"elementor-element elementor-element-9561708 elementor-widget-divider--view-line elementor-widget elementor-widget-divider\" data-id=\"9561708\" data-element_type=\"widget\" data-e-type=\"widget\" data-widget_type=\"divider.default\">\n\t\t\t\t<div class=\"elementor-widget-container\">\n\t\t\t\t\t\t\t<div class=\"elementor-divider\">\n\t\t\t<span class=\"elementor-divider-separator\">\n\t\t\t\t\t\t<\/span>\n\t\t<\/div>\n\t\t\t\t\t\t<\/div>\n\t\t\t\t<\/div>\n\t\t\t\t\t<\/div>\n\t\t<\/div>\n\t\t\t\t\t<\/div>\n\t\t<\/section>\n\t\t\t\t<section class=\"elementor-section elementor-top-section elementor-element elementor-element-1b59af4 elementor-section-boxed elementor-section-height-default elementor-section-height-default\" data-id=\"1b59af4\" data-element_type=\"section\" data-e-type=\"section\">\n\t\t\t\t\t\t<div class=\"elementor-container elementor-column-gap-default\">\n\t\t\t\t\t<div class=\"elementor-column elementor-col-100 elementor-top-column elementor-element elementor-element-504af1e\" data-id=\"504af1e\" data-element_type=\"column\" data-e-type=\"column\">\n\t\t\t<div class=\"elementor-widget-wrap elementor-element-populated\">\n\t\t\t\t\t\t<div class=\"elementor-element elementor-element-6721a6f elementor-widget elementor-widget-image\" data-id=\"6721a6f\" data-element_type=\"widget\" data-e-type=\"widget\" data-widget_type=\"image.default\">\n\t\t\t\t<div class=\"elementor-widget-container\">\n\t\t\t\t\t\t\t\t\t\t\t\t\t\t\t<img fetchpriority=\"high\" decoding=\"async\" width=\"855\" height=\"855\" src=\"https:\/\/www.musikverein-bobenheim.de\/concertbob\/wp-content\/uploads\/2026\/02\/65_jubi_BOB-1024x1024.jpg\" class=\"attachment-large size-large wp-image-1210\" alt=\"\" srcset=\"https:\/\/www.musikverein-bobenheim.de\/concertbob\/wp-content\/uploads\/2026\/02\/65_jubi_BOB-1024x1024.jpg 1024w, https:\/\/www.musikverein-bobenheim.de\/concertbob\/wp-content\/uploads\/2026\/02\/65_jubi_BOB-300x300.jpg 300w, https:\/\/www.musikverein-bobenheim.de\/concertbob\/wp-content\/uploads\/2026\/02\/65_jubi_BOB-150x150.jpg 150w, https:\/\/www.musikverein-bobenheim.de\/concertbob\/wp-content\/uploads\/2026\/02\/65_jubi_BOB-768x768.jpg 768w, https:\/\/www.musikverein-bobenheim.de\/concertbob\/wp-content\/uploads\/2026\/02\/65_jubi_BOB.jpg 1080w\" sizes=\"(max-width: 855px) 100vw, 855px\" \/>\t\t\t\t\t\t\t\t\t\t\t\t\t\t\t<\/div>\n\t\t\t\t<\/div>\n\t\t\t\t<div class=\"elementor-element elementor-element-4d1f2fc elementor-widget elementor-widget-text-editor\" data-id=\"4d1f2fc\" data-element_type=\"widget\" data-e-type=\"widget\" data-widget_type=\"text-editor.default\">\n\t\t\t\t<div class=\"elementor-widget-container\">\n\t\t\t\t\t\t\t\t\t<h2 style=\"text-align: center;\"><strong>Am <\/strong><b>14. und 15. M\u00e4rz 2026 feiern wir unser Vereinsjubil\u00e4um in der Turnhalle <\/b><b>Bobenheim am Berg.<\/b><\/h2><p><strong>Sa 14.3.26<\/strong><br \/>14:30 Uhr Einlass<br \/>15:30 Uhr Er\u00f6ffnung mit Mundwerk<br \/><strong>17:30 Uhr ConcertBoB<\/strong><br \/>19:30 Uhr The BoBtones<\/p><p><strong>So 15.3.26<br \/><\/strong>Bayrischer Fr\u00fchschoppen<span class=\"Apple-converted-space\">\u00a0<br \/><\/span>10:30 Uhr Einlass<br \/>11:00 Uhr BeatBoB<br \/>12:00 Uhr bobenheimer<\/p>\t\t\t\t\t\t\t\t<\/div>\n\t\t\t\t<\/div>\n\t\t\t\t\t<\/div>\n\t\t<\/div>\n\t\t\t\t\t<\/div>\n\t\t<\/section>\n\t\t\t\t<section class=\"elementor-section elementor-top-section elementor-element elementor-element-546f7b8 elementor-section-boxed elementor-section-height-default elementor-section-height-default\" data-id=\"546f7b8\" data-element_type=\"section\" data-e-type=\"section\">\n\t\t\t\t\t\t<div class=\"elementor-container elementor-column-gap-default\">\n\t\t\t\t\t<div class=\"elementor-column elementor-col-100 elementor-top-column elementor-element elementor-element-8657a6f\" data-id=\"8657a6f\" data-element_type=\"column\" data-e-type=\"column\">\n\t\t\t<div class=\"elementor-widget-wrap elementor-element-populated\">\n\t\t\t\t\t\t<div class=\"elementor-element elementor-element-7c74d98 elementor-widget-divider--view-line elementor-widget elementor-widget-divider\" data-id=\"7c74d98\" data-element_type=\"widget\" data-e-type=\"widget\" data-widget_type=\"divider.default\">\n\t\t\t\t<div class=\"elementor-widget-container\">\n\t\t\t\t\t\t\t<div class=\"elementor-divider\">\n\t\t\t<span class=\"elementor-divider-separator\">\n\t\t\t\t\t\t<\/span>\n\t\t<\/div>\n\t\t\t\t\t\t<\/div>\n\t\t\t\t<\/div>\n\t\t\t\t\t<\/div>\n\t\t<\/div>\n\t\t\t\t\t<\/div>\n\t\t<\/section>\n\t\t\t\t<section class=\"elementor-section elementor-top-section elementor-element elementor-element-fe9a606 elementor-section-boxed elementor-section-height-default elementor-section-height-default\" data-id=\"fe9a606\" data-element_type=\"section\" data-e-type=\"section\">\n\t\t\t\t\t\t<div class=\"elementor-container elementor-column-gap-default\">\n\t\t\t\t\t<div class=\"elementor-column elementor-col-100 elementor-top-column elementor-element elementor-element-1bfc0e9\" data-id=\"1bfc0e9\" data-element_type=\"column\" data-e-type=\"column\">\n\t\t\t<div class=\"elementor-widget-wrap elementor-element-populated\">\n\t\t\t\t\t\t<div class=\"elementor-element elementor-element-21daa3e elementor-widget elementor-widget-text-editor\" data-id=\"21daa3e\" data-element_type=\"widget\" data-e-type=\"widget\" data-widget_type=\"text-editor.default\">\n\t\t\t\t<div class=\"elementor-widget-container\">\n\t\t\t\t\t\t\t\t\t<h2 style=\"text-align: center;\"><strong>Jahreskonzert in Gerolsheim<br \/><\/strong><\/h2>\t\t\t\t\t\t\t\t<\/div>\n\t\t\t\t<\/div>\n\t\t\t\t\t<\/div>\n\t\t<\/div>\n\t\t\t\t\t<\/div>\n\t\t<\/section>\n\t\t\t\t<section class=\"elementor-section elementor-top-section elementor-element elementor-element-8a54552 elementor-section-boxed elementor-section-height-default elementor-section-height-default\" data-id=\"8a54552\" data-element_type=\"section\" data-e-type=\"section\">\n\t\t\t\t\t\t<div class=\"elementor-container elementor-column-gap-default\">\n\t\t\t\t\t<div class=\"elementor-column elementor-col-100 elementor-top-column elementor-element elementor-element-4204e12\" data-id=\"4204e12\" data-element_type=\"column\" data-e-type=\"column\">\n\t\t\t<div class=\"elementor-widget-wrap elementor-element-populated\">\n\t\t\t\t\t\t<div class=\"elementor-element elementor-element-0d5c01b elementor-widget elementor-widget-text-editor\" data-id=\"0d5c01b\" data-element_type=\"widget\" data-e-type=\"widget\" data-widget_type=\"text-editor.default\">\n\t\t\t\t<div class=\"elementor-widget-container\">\n\t\t\t\t\t\t\t\t\t<h3 style=\"text-align: center;\">Am 13 und 14 Juni 2026 werden Musikerinnen und Musiker aus 2 Orchestern des Musikvereins Bobenheim am Berg &#8211; BeatBob und ConcertBob &#8211; in der Gemeindehalle in Gerolsheim ein abwechslungsreiches Konzert spielen.<\/h3><h3 style=\"text-align: center;\">Konzertmitschnitte aus den vergangenen Jahren sind unter dem untenstehenden Link auf YouTube anzusehen.<\/h3>\t\t\t\t\t\t\t\t<\/div>\n\t\t\t\t<\/div>\n\t\t\t\t\t<\/div>\n\t\t<\/div>\n\t\t\t\t\t<\/div>\n\t\t<\/section>\n\t\t\t\t<section class=\"elementor-section elementor-top-section elementor-element elementor-element-0650cde elementor-section-boxed elementor-section-height-default elementor-section-height-default\" data-id=\"0650cde\" data-element_type=\"section\" data-e-type=\"section\">\n\t\t\t\t\t\t<div class=\"elementor-container elementor-column-gap-default\">\n\t\t\t\t\t<div class=\"elementor-column elementor-col-100 elementor-top-column elementor-element elementor-element-d88780e\" data-id=\"d88780e\" data-element_type=\"column\" data-e-type=\"column\">\n\t\t\t<div class=\"elementor-widget-wrap elementor-element-populated\">\n\t\t\t\t\t\t<div class=\"elementor-element elementor-element-c993a73 elementor-align-center elementor-widget elementor-widget-button\" data-id=\"c993a73\" data-element_type=\"widget\" data-e-type=\"widget\" data-widget_type=\"button.default\">\n\t\t\t\t<div class=\"elementor-widget-container\">\n\t\t\t\t\t\t\t\t\t<div class=\"elementor-button-wrapper\">\n\t\t\t\t\t<a class=\"elementor-button elementor-button-link elementor-size-sm\" href=\"https:\/\/www.youtube.com\/playlist?list=PLKc-pTtig6NQHoONAi65YE43iRQKFTgrp\" target=\"_blank\">\n\t\t\t\t\t\t<span class=\"elementor-button-content-wrapper\">\n\t\t\t\t\t\t\t\t\t<span class=\"elementor-button-text\">Hier klicken<\/span>\n\t\t\t\t\t<\/span>\n\t\t\t\t\t<\/a>\n\t\t\t\t<\/div>\n\t\t\t\t\t\t\t\t<\/div>\n\t\t\t\t<\/div>\n\t\t\t\t\t<\/div>\n\t\t<\/div>\n\t\t\t\t\t<\/div>\n\t\t<\/section>\n\t\t\t\t<section class=\"elementor-section elementor-top-section elementor-element elementor-element-d35c83c elementor-section-boxed elementor-section-height-default elementor-section-height-default\" data-id=\"d35c83c\" data-element_type=\"section\" data-e-type=\"section\">\n\t\t\t\t\t\t<div class=\"elementor-container elementor-column-gap-default\">\n\t\t\t\t\t<div class=\"elementor-column elementor-col-100 elementor-top-column elementor-element elementor-element-f1dd584\" data-id=\"f1dd584\" data-element_type=\"column\" data-e-type=\"column\">\n\t\t\t<div class=\"elementor-widget-wrap elementor-element-populated\">\n\t\t\t\t\t\t<div class=\"elementor-element elementor-element-74081ee elementor-widget-divider--view-line elementor-widget elementor-widget-divider\" data-id=\"74081ee\" data-element_type=\"widget\" data-e-type=\"widget\" data-widget_type=\"divider.default\">\n\t\t\t\t<div class=\"elementor-widget-container\">\n\t\t\t\t\t\t\t<div class=\"elementor-divider\">\n\t\t\t<span class=\"elementor-divider-separator\">\n\t\t\t\t\t\t<\/span>\n\t\t<\/div>\n\t\t\t\t\t\t<\/div>\n\t\t\t\t<\/div>\n\t\t\t\t\t<\/div>\n\t\t<\/div>\n\t\t\t\t\t<\/div>\n\t\t<\/section>\n\t\t\t\t<section class=\"elementor-section elementor-top-section elementor-element elementor-element-2eb7c6e elementor-section-boxed elementor-section-height-default elementor-section-height-default\" data-id=\"2eb7c6e\" data-element_type=\"section\" data-e-type=\"section\">\n\t\t\t\t\t\t<div class=\"elementor-container elementor-column-gap-default\">\n\t\t\t\t\t<div class=\"elementor-column elementor-col-50 elementor-top-column elementor-element elementor-element-87f454e\" data-id=\"87f454e\" data-element_type=\"column\" data-e-type=\"column\">\n\t\t\t<div class=\"elementor-widget-wrap elementor-element-populated\">\n\t\t\t\t\t\t<div class=\"elementor-element elementor-element-daad369 elementor-widget elementor-widget-spacer\" data-id=\"daad369\" data-element_type=\"widget\" data-e-type=\"widget\" data-widget_type=\"spacer.default\">\n\t\t\t\t<div class=\"elementor-widget-container\">\n\t\t\t\t\t\t\t<div class=\"elementor-spacer\">\n\t\t\t<div class=\"elementor-spacer-inner\"><\/div>\n\t\t<\/div>\n\t\t\t\t\t\t<\/div>\n\t\t\t\t<\/div>\n\t\t\t\t<div class=\"elementor-element elementor-element-26d2ab8 elementor-widget elementor-widget-image\" data-id=\"26d2ab8\" data-element_type=\"widget\" data-e-type=\"widget\" data-widget_type=\"image.default\">\n\t\t\t\t<div class=\"elementor-widget-container\">\n\t\t\t\t\t\t\t\t\t\t\t\t\t\t\t<img decoding=\"async\" width=\"600\" height=\"401\" src=\"https:\/\/www.musikverein-bobenheim.de\/concertbob\/wp-content\/uploads\/2022\/09\/Landeswappen-RLP.jpg\" class=\"attachment-large size-large wp-image-1019\" alt=\"\" srcset=\"https:\/\/www.musikverein-bobenheim.de\/concertbob\/wp-content\/uploads\/2022\/09\/Landeswappen-RLP.jpg 600w, https:\/\/www.musikverein-bobenheim.de\/concertbob\/wp-content\/uploads\/2022\/09\/Landeswappen-RLP-300x201.jpg 300w\" sizes=\"(max-width: 600px) 100vw, 600px\" \/>\t\t\t\t\t\t\t\t\t\t\t\t\t\t\t<\/div>\n\t\t\t\t<\/div>\n\t\t\t\t\t<\/div>\n\t\t<\/div>\n\t\t\t\t<div class=\"elementor-column elementor-col-50 elementor-top-column elementor-element elementor-element-d217c56\" data-id=\"d217c56\" data-element_type=\"column\" data-e-type=\"column\">\n\t\t\t<div class=\"elementor-widget-wrap elementor-element-populated\">\n\t\t\t\t\t\t<div class=\"elementor-element elementor-element-ccd30cf elementor-widget elementor-widget-image\" data-id=\"ccd30cf\" data-element_type=\"widget\" data-e-type=\"widget\" data-widget_type=\"image.default\">\n\t\t\t\t<div class=\"elementor-widget-container\">\n\t\t\t\t\t\t\t\t\t\t\t\t\t\t\t<img decoding=\"async\" width=\"855\" height=\"855\" src=\"https:\/\/www.musikverein-bobenheim.de\/concertbob\/wp-content\/uploads\/2020\/02\/Logo-Concert-Bob-Favicon-1024x1024.jpg\" class=\"attachment-large size-large wp-image-729\" alt=\"\" srcset=\"https:\/\/www.musikverein-bobenheim.de\/concertbob\/wp-content\/uploads\/2020\/02\/Logo-Concert-Bob-Favicon-1024x1024.jpg 1024w, https:\/\/www.musikverein-bobenheim.de\/concertbob\/wp-content\/uploads\/2020\/02\/Logo-Concert-Bob-Favicon-300x300.jpg 300w, https:\/\/www.musikverein-bobenheim.de\/concertbob\/wp-content\/uploads\/2020\/02\/Logo-Concert-Bob-Favicon-150x150.jpg 150w, https:\/\/www.musikverein-bobenheim.de\/concertbob\/wp-content\/uploads\/2020\/02\/Logo-Concert-Bob-Favicon-768x768.jpg 768w, https:\/\/www.musikverein-bobenheim.de\/concertbob\/wp-content\/uploads\/2020\/02\/Logo-Concert-Bob-Favicon-45x45.jpg 45w, https:\/\/www.musikverein-bobenheim.de\/concertbob\/wp-content\/uploads\/2020\/02\/Logo-Concert-Bob-Favicon.jpg 1069w\" sizes=\"(max-width: 855px) 100vw, 855px\" \/>\t\t\t\t\t\t\t\t\t\t\t\t\t\t\t<\/div>\n\t\t\t\t<\/div>\n\t\t\t\t\t<\/div>\n\t\t<\/div>\n\t\t\t\t\t<\/div>\n\t\t<\/section>\n\t\t\t\t<section class=\"elementor-section elementor-top-section elementor-element elementor-element-6a552d3 elementor-section-boxed elementor-section-height-default elementor-section-height-default\" data-id=\"6a552d3\" data-element_type=\"section\" data-e-type=\"section\">\n\t\t\t\t\t\t<div class=\"elementor-container elementor-column-gap-default\">\n\t\t\t\t\t<div class=\"elementor-column elementor-col-100 elementor-top-column elementor-element elementor-element-040c177\" data-id=\"040c177\" data-element_type=\"column\" data-e-type=\"column\">\n\t\t\t<div class=\"elementor-widget-wrap elementor-element-populated\">\n\t\t\t\t\t\t<div class=\"elementor-element elementor-element-f8a5cc7 elementor-widget-divider--view-line elementor-widget elementor-widget-divider\" data-id=\"f8a5cc7\" data-element_type=\"widget\" data-e-type=\"widget\" data-widget_type=\"divider.default\">\n\t\t\t\t<div class=\"elementor-widget-container\">\n\t\t\t\t\t\t\t<div class=\"elementor-divider\">\n\t\t\t<span class=\"elementor-divider-separator\">\n\t\t\t\t\t\t<\/span>\n\t\t<\/div>\n\t\t\t\t\t\t<\/div>\n\t\t\t\t<\/div>\n\t\t\t\t\t<\/div>\n\t\t<\/div>\n\t\t\t\t\t<\/div>\n\t\t<\/section>\n\t\t\t\t<section class=\"elementor-section elementor-top-section elementor-element elementor-element-b63f540 elementor-section-boxed elementor-section-height-default elementor-section-height-default\" data-id=\"b63f540\" data-element_type=\"section\" data-e-type=\"section\">\n\t\t\t\t\t\t<div class=\"elementor-container elementor-column-gap-default\">\n\t\t\t\t\t<div class=\"elementor-column elementor-col-100 elementor-top-column elementor-element elementor-element-db4c081\" data-id=\"db4c081\" data-element_type=\"column\" data-e-type=\"column\">\n\t\t\t<div class=\"elementor-widget-wrap elementor-element-populated\">\n\t\t\t\t\t\t<div class=\"elementor-element elementor-element-090fa9b elementor-align-center elementor-widget elementor-widget-button\" data-id=\"090fa9b\" data-element_type=\"widget\" data-e-type=\"widget\" data-widget_type=\"button.default\">\n\t\t\t\t<div class=\"elementor-widget-container\">\n\t\t\t\t\t\t\t\t\t<div class=\"elementor-button-wrapper\">\n\t\t\t\t\t<a class=\"elementor-button elementor-button-link elementor-size-sm\" href=\"mailto:concertbob@musikverein-bobenheim.de\" target=\"_blank\">\n\t\t\t\t\t\t<span class=\"elementor-button-content-wrapper\">\n\t\t\t\t\t\t\t\t\t<span class=\"elementor-button-text\">Kontakt<\/span>\n\t\t\t\t\t<\/span>\n\t\t\t\t\t<\/a>\n\t\t\t\t<\/div>\n\t\t\t\t\t\t\t\t<\/div>\n\t\t\t\t<\/div>\n\t\t\t\t\t<\/div>\n\t\t<\/div>\n\t\t\t\t\t<\/div>\n\t\t<\/section>\n\t\t\t\t<\/div>\n\t\t","protected":false},"excerpt":{"rendered":"<p>Unsere n\u00e4chsten Konzerte: Am 14. und 15. M\u00e4rz 2026 feiern wir unser Vereinsjubil\u00e4um in der Turnhalle Bobenheim am Berg. Sa 14.3.2614:30 Uhr Einlass15:30 Uhr Er\u00f6ffnung mit Mundwerk17:30 Uhr ConcertBoB19:30 Uhr &#8230; <a title=\"Aktuelles\" class=\"read-more\" href=\"https:\/\/www.musikverein-bobenheim.de\/concertbob\/\" aria-label=\"Mehr Informationen \u00fcber Aktuelles\">Weiterlesen<\/a><\/p>\n","protected":false},"author":1,"featured_media":729,"parent":0,"menu_order":0,"comment_status":"closed","ping_status":"closed","template":"","meta":{"footnotes":""},"class_list":["post-17","page","type-page","status-publish","has-post-thumbnail"],"_links":{"self":[{"href":"https:\/\/www.musikverein-bobenheim.de\/concertbob\/wp-json\/wp\/v2\/pages\/17","targetHints":{"allow":["GET"]}}],"collection":[{"href":"https:\/\/www.musikverein-bobenheim.de\/concertbob\/wp-json\/wp\/v2\/pages"}],"about":[{"href":"https:\/\/www.musikverein-bobenheim.de\/concertbob\/wp-json\/wp\/v2\/types\/page"}],"author":[{"embeddable":true,"href":"https:\/\/www.musikverein-bobenheim.de\/concertbob\/wp-json\/wp\/v2\/users\/1"}],"replies":[{"embeddable":true,"href":"https:\/\/www.musikverein-bobenheim.de\/concertbob\/wp-json\/wp\/v2\/comments?post=17"}],"version-history":[{"count":189,"href":"https:\/\/www.musikverein-bobenheim.de\/concertbob\/wp-json\/wp\/v2\/pages\/17\/revisions"}],"predecessor-version":[{"id":1220,"href":"https:\/\/www.musikverein-bobenheim.de\/concertbob\/wp-json\/wp\/v2\/pages\/17\/revisions\/1220"}],"wp:featuredmedia":[{"embeddable":true,"href":"https:\/\/www.musikverein-bobenheim.de\/concertbob\/wp-json\/wp\/v2\/media\/729"}],"wp:attachment":[{"href":"https:\/\/www.musikverein-bobenheim.de\/concertbob\/wp-json\/wp\/v2\/media?parent=17"}],"curies":[{"name":"wp","href":"https:\/\/api.w.org\/{rel}","templated":true}]}}