{"id":1565,"date":"2024-07-12T11:26:05","date_gmt":"2024-07-12T09:26:05","guid":{"rendered":"https:\/\/www.musikverein-bobenheim.de\/mundwerk\/?page_id=1565"},"modified":"2024-10-26T17:29:11","modified_gmt":"2024-10-26T15:29:11","slug":"neue-startseite","status":"publish","type":"page","link":"https:\/\/www.musikverein-bobenheim.de\/mundwerk\/","title":{"rendered":"Neue Startseite"},"content":{"rendered":"\t\t<div data-elementor-type=\"wp-page\" data-elementor-id=\"1565\" class=\"elementor elementor-1565\">\n\t\t\t\t\t\t<section class=\"elementor-section elementor-top-section elementor-element elementor-element-342f95c elementor-section-boxed elementor-section-height-default elementor-section-height-default\" data-id=\"342f95c\" data-element_type=\"section\" data-e-type=\"section\">\n\t\t\t\t\t\t<div class=\"elementor-container elementor-column-gap-default\">\n\t\t\t\t\t<div class=\"elementor-column elementor-col-100 elementor-top-column elementor-element elementor-element-545ce04\" data-id=\"545ce04\" data-element_type=\"column\" data-e-type=\"column\">\n\t\t\t<div class=\"elementor-widget-wrap elementor-element-populated\">\n\t\t\t\t\t\t<div class=\"elementor-element elementor-element-6733bc9 elementor-widget elementor-widget-image\" data-id=\"6733bc9\" data-element_type=\"widget\" data-e-type=\"widget\" data-widget_type=\"image.default\">\n\t\t\t\t<div class=\"elementor-widget-container\">\n\t\t\t\t\t\t\t\t\t\t\t\t\t\t\t\t<a href=\"https:\/\/www.musikverein-bobenheim.de\/mundwerk\/wp-content\/uploads\/Titelbild.jpg\" data-elementor-open-lightbox=\"yes\" data-elementor-lightbox-title=\"Titelbild\" data-e-action-hash=\"#elementor-action%3Aaction%3Dlightbox%26settings%3DeyJpZCI6MTkxMywidXJsIjoiaHR0cHM6XC9cL3d3dy5tdXNpa3ZlcmVpbi1ib2JlbmhlaW0uZGVcL211bmR3ZXJrXC93cC1jb250ZW50XC91cGxvYWRzXC9UaXRlbGJpbGQuanBnIn0%3D\">\n\t\t\t\t\t\t\t<img fetchpriority=\"high\" decoding=\"async\" width=\"2025\" height=\"1354\" src=\"https:\/\/www.musikverein-bobenheim.de\/mundwerk\/wp-content\/uploads\/Titelbild.jpg\" class=\"attachment-full size-full wp-image-1913\" alt=\"Titelbild vom Chor Mundwerk\" srcset=\"https:\/\/www.musikverein-bobenheim.de\/mundwerk\/wp-content\/uploads\/Titelbild.jpg 2025w, https:\/\/www.musikverein-bobenheim.de\/mundwerk\/wp-content\/uploads\/Titelbild-300x201.jpg 300w, https:\/\/www.musikverein-bobenheim.de\/mundwerk\/wp-content\/uploads\/Titelbild-1024x685.jpg 1024w, https:\/\/www.musikverein-bobenheim.de\/mundwerk\/wp-content\/uploads\/Titelbild-768x514.jpg 768w, https:\/\/www.musikverein-bobenheim.de\/mundwerk\/wp-content\/uploads\/Titelbild-1536x1027.jpg 1536w\" sizes=\"(max-width: 2025px) 100vw, 2025px\" \/>\t\t\t\t\t\t\t\t<\/a>\n\t\t\t\t\t\t\t\t\t\t\t\t\t\t\t<\/div>\n\t\t\t\t<\/div>\n\t\t\t\t<div class=\"elementor-element elementor-element-36794fd elementor-widget elementor-widget-text-editor\" data-id=\"36794fd\" data-element_type=\"widget\" data-e-type=\"widget\" data-widget_type=\"text-editor.default\">\n\t\t\t\t<div class=\"elementor-widget-container\">\n\t\t\t\t\t\t\t\t\t<strong>Entdecke<\/strong> deine Stimme\t\t\t\t\t\t\t\t<\/div>\n\t\t\t\t<\/div>\n\t\t\t\t<div class=\"elementor-element elementor-element-443cb48 elementor-widget elementor-widget-text-editor\" data-id=\"443cb48\" data-element_type=\"widget\" data-e-type=\"widget\" data-widget_type=\"text-editor.default\">\n\t\t\t\t<div class=\"elementor-widget-container\">\n\t\t\t\t\t\t\t\t\t<strong>Empfinde<\/strong> die Harmonien der Popmusik\t\t\t\t\t\t\t\t<\/div>\n\t\t\t\t<\/div>\n\t\t\t\t<div class=\"elementor-element elementor-element-1ada89c elementor-widget elementor-widget-text-editor\" data-id=\"1ada89c\" data-element_type=\"widget\" data-e-type=\"widget\" data-widget_type=\"text-editor.default\">\n\t\t\t\t<div class=\"elementor-widget-container\">\n\t\t\t\t\t\t\t\t\t<strong>Erlebe<\/strong> die Gemeinschaft\t\t\t\t\t\t\t\t<\/div>\n\t\t\t\t<\/div>\n\t\t\t\t\t<\/div>\n\t\t<\/div>\n\t\t\t\t\t<\/div>\n\t\t<\/section>\n\t\t\t\t<section class=\"elementor-section elementor-top-section elementor-element elementor-element-215f4ec elementor-section-boxed elementor-section-height-default elementor-section-height-default\" data-id=\"215f4ec\" data-element_type=\"section\" data-e-type=\"section\">\n\t\t\t\t\t\t<div class=\"elementor-container elementor-column-gap-default\">\n\t\t\t\t\t<div class=\"elementor-column elementor-col-100 elementor-top-column elementor-element elementor-element-ef34bdc\" data-id=\"ef34bdc\" data-element_type=\"column\" data-e-type=\"column\">\n\t\t\t<div class=\"elementor-widget-wrap elementor-element-populated\">\n\t\t\t\t\t\t<div class=\"elementor-element elementor-element-b975fab elementor-widget-divider--view-line elementor-widget elementor-widget-divider\" data-id=\"b975fab\" data-element_type=\"widget\" data-e-type=\"widget\" data-widget_type=\"divider.default\">\n\t\t\t\t<div class=\"elementor-widget-container\">\n\t\t\t\t\t\t\t<div class=\"elementor-divider\">\n\t\t\t<span class=\"elementor-divider-separator\">\n\t\t\t\t\t\t<\/span>\n\t\t<\/div>\n\t\t\t\t\t\t<\/div>\n\t\t\t\t<\/div>\n\t\t\t\t\t<\/div>\n\t\t<\/div>\n\t\t\t\t\t<\/div>\n\t\t<\/section>\n\t\t\t\t<section class=\"elementor-section elementor-top-section elementor-element elementor-element-8537cb7 elementor-section-boxed elementor-section-height-default elementor-section-height-default\" data-id=\"8537cb7\" data-element_type=\"section\" data-e-type=\"section\">\n\t\t\t\t\t\t<div class=\"elementor-container elementor-column-gap-wider\">\n\t\t\t\t\t<div class=\"elementor-column elementor-col-50 elementor-top-column elementor-element elementor-element-a793b57\" data-id=\"a793b57\" data-element_type=\"column\" data-e-type=\"column\">\n\t\t\t<div class=\"elementor-widget-wrap elementor-element-populated\">\n\t\t\t\t\t\t<div class=\"elementor-element elementor-element-0799d40 elementor-widget elementor-widget-image\" data-id=\"0799d40\" data-element_type=\"widget\" data-e-type=\"widget\" data-widget_type=\"image.default\">\n\t\t\t\t<div class=\"elementor-widget-container\">\n\t\t\t\t\t\t\t\t\t\t\t\t<figure class=\"wp-caption\">\n\t\t\t\t\t\t\t\t\t\t\t<a href=\"https:\/\/www.musikverein-bobenheim.de\/mundwerk\/wp-content\/uploads\/Chor-Mundwerk-Bobenheim-3669-2_klein.jpg\" data-elementor-open-lightbox=\"yes\" data-elementor-lightbox-title=\"Mitglied\" data-e-action-hash=\"#elementor-action%3Aaction%3Dlightbox%26settings%3DeyJpZCI6MTY0NCwidXJsIjoiaHR0cHM6XC9cL3d3dy5tdXNpa3ZlcmVpbi1ib2JlbmhlaW0uZGVcL211bmR3ZXJrXC93cC1jb250ZW50XC91cGxvYWRzXC9DaG9yLU11bmR3ZXJrLUJvYmVuaGVpbS0zNjY5LTJfa2xlaW4uanBnIn0%3D\">\n\t\t\t\t\t\t\t<img decoding=\"async\" width=\"300\" height=\"300\" src=\"https:\/\/www.musikverein-bobenheim.de\/mundwerk\/wp-content\/uploads\/Chor-Mundwerk-Bobenheim-3669-2_klein-300x300.jpg\" class=\"attachment-medium size-medium wp-image-1644\" alt=\"Mitglied des Chores Mundwerk\" srcset=\"https:\/\/www.musikverein-bobenheim.de\/mundwerk\/wp-content\/uploads\/Chor-Mundwerk-Bobenheim-3669-2_klein-300x300.jpg 300w, https:\/\/www.musikverein-bobenheim.de\/mundwerk\/wp-content\/uploads\/Chor-Mundwerk-Bobenheim-3669-2_klein-1024x1024.jpg 1024w, https:\/\/www.musikverein-bobenheim.de\/mundwerk\/wp-content\/uploads\/Chor-Mundwerk-Bobenheim-3669-2_klein-150x150.jpg 150w, https:\/\/www.musikverein-bobenheim.de\/mundwerk\/wp-content\/uploads\/Chor-Mundwerk-Bobenheim-3669-2_klein-768x768.jpg 768w, https:\/\/www.musikverein-bobenheim.de\/mundwerk\/wp-content\/uploads\/Chor-Mundwerk-Bobenheim-3669-2_klein-1536x1536.jpg 1536w, https:\/\/www.musikverein-bobenheim.de\/mundwerk\/wp-content\/uploads\/Chor-Mundwerk-Bobenheim-3669-2_klein.jpg 1920w\" sizes=\"(max-width: 300px) 100vw, 300px\" \/>\t\t\t\t\t\t\t\t<\/a>\n\t\t\t\t\t\t\t\t\t\t\t<figcaption class=\"widget-image-caption wp-caption-text\">Eva Mildenberger<br>S\u00e4ngerin im Alt<\/figcaption>\n\t\t\t\t\t\t\t\t\t\t<\/figure>\n\t\t\t\t\t\t\t\t\t<\/div>\n\t\t\t\t<\/div>\n\t\t\t\t\t<\/div>\n\t\t<\/div>\n\t\t\t\t<div class=\"elementor-column elementor-col-50 elementor-top-column elementor-element elementor-element-56c5d65\" data-id=\"56c5d65\" data-element_type=\"column\" data-e-type=\"column\">\n\t\t\t<div class=\"elementor-widget-wrap elementor-element-populated\">\n\t\t\t\t\t\t<div class=\"elementor-element elementor-element-37bc433 elementor-widget elementor-widget-text-editor\" data-id=\"37bc433\" data-element_type=\"widget\" data-e-type=\"widget\" data-widget_type=\"text-editor.default\">\n\t\t\t\t<div class=\"elementor-widget-container\">\n\t\t\t\t\t\t\t\t\t&#8222;Ich singe gerne bei &#8222;Mundwerk&#8220;, denn ich habe\nmich schon bei meiner ersten Probe wohlgef\u00fchlt.\nIch finde es cool, dass wir auch Dinge au\u00dferhalb\nder Probe zusammen machen.\nWir singen moderne St\u00fccke und ich klebe dabei\nnicht an den Noten. Da ich vorne sitze, h\u00f6re ich die\nanderen. Das hilft mir.\nNach der Probe f\u00fchle ich mich toll. Auf dem\nHeimweg singe ich die Lieder auf dem Fahrrad.&#8220;\t\t\t\t\t\t\t\t<\/div>\n\t\t\t\t<\/div>\n\t\t\t\t<div class=\"elementor-element elementor-element-a00f6a3 elementor-widget elementor-widget-spacer\" data-id=\"a00f6a3\" data-element_type=\"widget\" data-e-type=\"widget\" data-widget_type=\"spacer.default\">\n\t\t\t\t<div class=\"elementor-widget-container\">\n\t\t\t\t\t\t\t<div class=\"elementor-spacer\">\n\t\t\t<div class=\"elementor-spacer-inner\"><\/div>\n\t\t<\/div>\n\t\t\t\t\t\t<\/div>\n\t\t\t\t<\/div>\n\t\t\t\t\t<\/div>\n\t\t<\/div>\n\t\t\t\t\t<\/div>\n\t\t<\/section>\n\t\t\t\t<section class=\"elementor-section elementor-top-section elementor-element elementor-element-8e3a4d1 elementor-section-boxed elementor-section-height-default elementor-section-height-default\" data-id=\"8e3a4d1\" data-element_type=\"section\" data-e-type=\"section\">\n\t\t\t\t\t\t<div class=\"elementor-container elementor-column-gap-wider\">\n\t\t\t\t\t<div class=\"elementor-column elementor-col-50 elementor-top-column elementor-element elementor-element-ffd4260\" data-id=\"ffd4260\" data-element_type=\"column\" data-e-type=\"column\">\n\t\t\t<div class=\"elementor-widget-wrap elementor-element-populated\">\n\t\t\t\t\t\t<div class=\"elementor-element elementor-element-e8cfe57 elementor-widget elementor-widget-image\" data-id=\"e8cfe57\" data-element_type=\"widget\" data-e-type=\"widget\" data-widget_type=\"image.default\">\n\t\t\t\t<div class=\"elementor-widget-container\">\n\t\t\t\t\t\t\t\t\t\t\t\t<figure class=\"wp-caption\">\n\t\t\t\t\t\t\t\t\t\t\t<a href=\"https:\/\/www.musikverein-bobenheim.de\/mundwerk\/wp-content\/uploads\/Mitglied2_quadratisch_klein.png\" data-elementor-open-lightbox=\"yes\" data-elementor-lightbox-title=\"Besucher\" data-e-action-hash=\"#elementor-action%3Aaction%3Dlightbox%26settings%3DeyJpZCI6MTY1MSwidXJsIjoiaHR0cHM6XC9cL3d3dy5tdXNpa3ZlcmVpbi1ib2JlbmhlaW0uZGVcL211bmR3ZXJrXC93cC1jb250ZW50XC91cGxvYWRzXC9NaXRnbGllZDJfcXVhZHJhdGlzY2hfa2xlaW4ucG5nIn0%3D\">\n\t\t\t\t\t\t\t<img decoding=\"async\" width=\"300\" height=\"300\" src=\"https:\/\/www.musikverein-bobenheim.de\/mundwerk\/wp-content\/uploads\/Mitglied2_quadratisch_klein-300x300.png\" class=\"attachment-medium size-medium wp-image-1651\" alt=\"Besucher des Chores Mundwerk\" srcset=\"https:\/\/www.musikverein-bobenheim.de\/mundwerk\/wp-content\/uploads\/Mitglied2_quadratisch_klein-300x300.png 300w, https:\/\/www.musikverein-bobenheim.de\/mundwerk\/wp-content\/uploads\/Mitglied2_quadratisch_klein-1024x1024.png 1024w, https:\/\/www.musikverein-bobenheim.de\/mundwerk\/wp-content\/uploads\/Mitglied2_quadratisch_klein-150x150.png 150w, https:\/\/www.musikverein-bobenheim.de\/mundwerk\/wp-content\/uploads\/Mitglied2_quadratisch_klein-768x768.png 768w, https:\/\/www.musikverein-bobenheim.de\/mundwerk\/wp-content\/uploads\/Mitglied2_quadratisch_klein.png 1200w\" sizes=\"(max-width: 300px) 100vw, 300px\" \/>\t\t\t\t\t\t\t\t<\/a>\n\t\t\t\t\t\t\t\t\t\t\t<figcaption class=\"widget-image-caption wp-caption-text\">Bj\u00f6rn Keller<br>Regelm\u00e4\u00dfiger Konzertbesucher<\/figcaption>\n\t\t\t\t\t\t\t\t\t\t<\/figure>\n\t\t\t\t\t\t\t\t\t<\/div>\n\t\t\t\t<\/div>\n\t\t\t\t\t<\/div>\n\t\t<\/div>\n\t\t\t\t<div class=\"elementor-column elementor-col-50 elementor-top-column elementor-element elementor-element-117238a\" data-id=\"117238a\" data-element_type=\"column\" data-e-type=\"column\">\n\t\t\t<div class=\"elementor-widget-wrap elementor-element-populated\">\n\t\t\t\t\t\t<div class=\"elementor-element elementor-element-67cab10 elementor-widget elementor-widget-text-editor\" data-id=\"67cab10\" data-element_type=\"widget\" data-e-type=\"widget\" data-widget_type=\"text-editor.default\">\n\t\t\t\t<div class=\"elementor-widget-container\">\n\t\t\t\t\t\t\t\t\t&#8222;Ich gehe gerne zu den Konzerten von Mundwerk,\ndenn jedes Mal bin ich von der gelebten\nLeidenschaft der Auff\u00fchrungen beeindruckt.\nDie Auff\u00fchrungen verbreiten Freude und positive\nStimmung. Durch die kreativen und besonderen\nInterpretationen bekannter St\u00fccke schafft es der\nChor, immer das Publikum zu begeistern.&#8220;\t\t\t\t\t\t\t\t<\/div>\n\t\t\t\t<\/div>\n\t\t\t\t<div class=\"elementor-element elementor-element-321dc6a elementor-widget elementor-widget-spacer\" data-id=\"321dc6a\" data-element_type=\"widget\" data-e-type=\"widget\" data-widget_type=\"spacer.default\">\n\t\t\t\t<div class=\"elementor-widget-container\">\n\t\t\t\t\t\t\t<div class=\"elementor-spacer\">\n\t\t\t<div class=\"elementor-spacer-inner\"><\/div>\n\t\t<\/div>\n\t\t\t\t\t\t<\/div>\n\t\t\t\t<\/div>\n\t\t\t\t\t<\/div>\n\t\t<\/div>\n\t\t\t\t\t<\/div>\n\t\t<\/section>\n\t\t\t\t<section class=\"elementor-section elementor-top-section elementor-element elementor-element-b61e75b elementor-section-boxed elementor-section-height-default elementor-section-height-default\" data-id=\"b61e75b\" data-element_type=\"section\" data-e-type=\"section\">\n\t\t\t\t\t\t<div class=\"elementor-container elementor-column-gap-default\">\n\t\t\t\t\t<div class=\"elementor-column elementor-col-100 elementor-top-column elementor-element elementor-element-b2ca89c\" data-id=\"b2ca89c\" data-element_type=\"column\" data-e-type=\"column\">\n\t\t\t<div class=\"elementor-widget-wrap elementor-element-populated\">\n\t\t\t\t\t\t<div class=\"elementor-element elementor-element-7dda7d9 elementor-widget-divider--view-line elementor-widget elementor-widget-divider\" data-id=\"7dda7d9\" data-element_type=\"widget\" data-e-type=\"widget\" data-widget_type=\"divider.default\">\n\t\t\t\t<div class=\"elementor-widget-container\">\n\t\t\t\t\t\t\t<div class=\"elementor-divider\">\n\t\t\t<span class=\"elementor-divider-separator\">\n\t\t\t\t\t\t<\/span>\n\t\t<\/div>\n\t\t\t\t\t\t<\/div>\n\t\t\t\t<\/div>\n\t\t\t\t\t<\/div>\n\t\t<\/div>\n\t\t\t\t\t<\/div>\n\t\t<\/section>\n\t\t\t\t<section class=\"elementor-section elementor-top-section elementor-element elementor-element-0799f76 elementor-section-boxed elementor-section-height-default elementor-section-height-default\" data-id=\"0799f76\" data-element_type=\"section\" data-e-type=\"section\">\n\t\t\t\t\t\t<div class=\"elementor-container elementor-column-gap-default\">\n\t\t\t\t\t<div class=\"elementor-column elementor-col-100 elementor-top-column elementor-element elementor-element-ac9df7a\" data-id=\"ac9df7a\" data-element_type=\"column\" data-e-type=\"column\">\n\t\t\t<div class=\"elementor-widget-wrap elementor-element-populated\">\n\t\t\t\t\t\t<div class=\"elementor-element elementor-element-732cdc2 elementor-widget elementor-widget-text-editor\" data-id=\"732cdc2\" data-element_type=\"widget\" data-e-type=\"widget\" data-widget_type=\"text-editor.default\">\n\t\t\t\t<div class=\"elementor-widget-container\">\n\t\t\t\t\t\t\t\t\tDu hast Lust bei MUNDWERK mitzusingen?<br>\nDann schaue gerne bei einer unserer Proben vorbei:<br>\nMontags, 19.00 \u2013 20.30 Uhr im Dorfgemeinschaftshaus in der <a title=\"auf Google Maps betrachten\" href=\"https:\/\/www.google.de\/maps\/place\/Leininger+Str.+44,+67273+Bobenheim+am+Berg\" target=\"_blank\" rel=\"noopener\">Leiningerstra\u00dfe 44 in Bobenheim am Berg<\/a>.\t\t\t\t\t\t\t\t<\/div>\n\t\t\t\t<\/div>\n\t\t\t\t\t<\/div>\n\t\t<\/div>\n\t\t\t\t\t<\/div>\n\t\t<\/section>\n\t\t\t\t<section class=\"elementor-section elementor-top-section elementor-element elementor-element-bfafdec elementor-section-boxed elementor-section-height-default elementor-section-height-default\" data-id=\"bfafdec\" data-element_type=\"section\" data-e-type=\"section\">\n\t\t\t\t\t\t<div class=\"elementor-container elementor-column-gap-default\">\n\t\t\t\t\t<div class=\"elementor-column elementor-col-100 elementor-top-column elementor-element elementor-element-801d0f1\" data-id=\"801d0f1\" data-element_type=\"column\" data-e-type=\"column\">\n\t\t\t<div class=\"elementor-widget-wrap elementor-element-populated\">\n\t\t\t\t\t\t<div class=\"elementor-element elementor-element-46a0cb0 elementor-widget-divider--view-line elementor-widget elementor-widget-divider\" data-id=\"46a0cb0\" data-element_type=\"widget\" data-e-type=\"widget\" data-widget_type=\"divider.default\">\n\t\t\t\t<div class=\"elementor-widget-container\">\n\t\t\t\t\t\t\t<div class=\"elementor-divider\">\n\t\t\t<span class=\"elementor-divider-separator\">\n\t\t\t\t\t\t<\/span>\n\t\t<\/div>\n\t\t\t\t\t\t<\/div>\n\t\t\t\t<\/div>\n\t\t\t\t<div class=\"elementor-element elementor-element-994a6ad elementor-view-framed elementor-hidden-desktop elementor-hidden-tablet elementor-hidden-mobile elementor-shape-circle elementor-invisible elementor-widget elementor-widget-icon\" data-id=\"994a6ad\" data-element_type=\"widget\" data-e-type=\"widget\" data-settings=\"{&quot;_animation&quot;:&quot;fadeInUp&quot;}\" data-widget_type=\"icon.default\">\n\t\t\t\t<div class=\"elementor-widget-container\">\n\t\t\t\t\t\t\t<div class=\"elementor-icon-wrapper\">\n\t\t\t<a class=\"elementor-icon\" href=\"mailto:1.vorsitzender@musikverein-bobenheim.de\" title=\"Kontakt per E-Mail\">\n\t\t\t<i aria-hidden=\"true\" class=\"far fa-envelope\"><\/i>\t\t\t<\/a>\n\t\t<\/div>\n\t\t\t\t\t\t<\/div>\n\t\t\t\t<\/div>\n\t\t\t\t\t<\/div>\n\t\t<\/div>\n\t\t\t\t\t<\/div>\n\t\t<\/section>\n\t\t\t\t<section class=\"elementor-section elementor-top-section elementor-element elementor-element-25cc883 elementor-section-boxed elementor-section-height-default elementor-section-height-default\" data-id=\"25cc883\" data-element_type=\"section\" data-e-type=\"section\">\n\t\t\t\t\t\t<div class=\"elementor-container elementor-column-gap-default\">\n\t\t\t\t\t<div class=\"elementor-column elementor-col-100 elementor-top-column elementor-element elementor-element-ffb1c55\" data-id=\"ffb1c55\" data-element_type=\"column\" data-e-type=\"column\">\n\t\t\t<div class=\"elementor-widget-wrap elementor-element-populated\">\n\t\t\t\t\t\t<div class=\"elementor-element elementor-element-3cfd07a elementor-widget elementor-widget-text-editor\" data-id=\"3cfd07a\" data-element_type=\"widget\" data-e-type=\"widget\" data-widget_type=\"text-editor.default\">\n\t\t\t\t<div class=\"elementor-widget-container\">\n\t\t\t\t\t\t\t\t\t\n<div class=\"wpcf7 no-js\" id=\"wpcf7-f1852-o1\" lang=\"de-DE\" dir=\"ltr\" data-wpcf7-id=\"1852\">\n<div class=\"screen-reader-response\"><p role=\"status\" aria-live=\"polite\" aria-atomic=\"true\"><\/p> <ul><\/ul><\/div>\n<form action=\"\/mundwerk\/wp-json\/wp\/v2\/pages\/1565#wpcf7-f1852-o1\" method=\"post\" class=\"wpcf7-form init\" aria-label=\"Kontaktformular\" novalidate=\"novalidate\" data-status=\"init\">\n<fieldset class=\"hidden-fields-container\"><input type=\"hidden\" name=\"_wpcf7\" value=\"1852\" \/><input type=\"hidden\" name=\"_wpcf7_version\" value=\"6.1.5\" \/><input type=\"hidden\" name=\"_wpcf7_locale\" value=\"de_DE\" \/><input type=\"hidden\" name=\"_wpcf7_unit_tag\" value=\"wpcf7-f1852-o1\" \/><input type=\"hidden\" name=\"_wpcf7_container_post\" value=\"0\" \/><input type=\"hidden\" name=\"_wpcf7_posted_data_hash\" value=\"\" \/><input type=\"hidden\" name=\"_wpcf7_recaptcha_response\" value=\"\" \/>\n<\/fieldset>\n<p><label> Dein Name (Pflichtfeld)<br \/>\n<span class=\"wpcf7-form-control-wrap\" data-name=\"your-name\"><input size=\"40\" maxlength=\"400\" class=\"wpcf7-form-control wpcf7-text wpcf7-validates-as-required\" autocomplete=\"name\" aria-required=\"true\" aria-invalid=\"false\" value=\"\" type=\"text\" name=\"your-name\" \/><\/span> <\/label>\n<\/p>\n<p><label> Deine E-Mail-Adresse (Pflichtfeld)<br \/>\n<span class=\"wpcf7-form-control-wrap\" data-name=\"your-email\"><input size=\"40\" maxlength=\"400\" class=\"wpcf7-form-control wpcf7-email wpcf7-validates-as-required wpcf7-text wpcf7-validates-as-email\" autocomplete=\"email\" aria-required=\"true\" aria-invalid=\"false\" value=\"\" type=\"email\" name=\"your-email\" \/><\/span> <\/label>\n<\/p>\n<p><label> Betreff<br \/>\n<span class=\"wpcf7-form-control-wrap\" data-name=\"your-subject\"><input size=\"40\" maxlength=\"400\" class=\"wpcf7-form-control wpcf7-text wpcf7-validates-as-required\" aria-required=\"true\" aria-invalid=\"false\" value=\"\" type=\"text\" name=\"your-subject\" \/><\/span> <\/label>\n<\/p>\n<p><label> Deine Nachricht<br \/>\n<span class=\"wpcf7-form-control-wrap\" data-name=\"your-message\"><textarea cols=\"40\" rows=\"10\" maxlength=\"2000\" class=\"wpcf7-form-control wpcf7-textarea wpcf7-validates-as-required\" aria-required=\"true\" aria-invalid=\"false\" name=\"your-message\"><\/textarea><\/span> <\/label>\n<\/p>\n<p><span class=\"wpcf7-form-control-wrap\" data-name=\"acceptance-261\"><span class=\"wpcf7-form-control wpcf7-acceptance\"><span class=\"wpcf7-list-item\"><label><input type=\"checkbox\" name=\"acceptance-261\" value=\"1\" aria-invalid=\"false\" \/><span class=\"wpcf7-list-item-label\">Die abgesendeten Daten werden nur zum Zweck der Bearbeitung Ihres Anliegens verarbeitet. Weitere Informationen finden Sie in unserer <a href=\" https:\/\/www.musikverein-bobenheim.de\/datenschutz\/ \" target=\"_blank\" <strong>Datenschutzerkl\u00e4rung<\/strong> <\/a><\/span><\/label><\/span><\/span><\/span>\n<\/p>\n<p><input class=\"wpcf7-form-control wpcf7-submit has-spinner\" type=\"submit\" value=\"Senden\" \/>\n<\/p><div class=\"wpcf7-response-output\" aria-hidden=\"true\"><\/div>\n<\/form>\n<\/div>\n\t\t\t\t\t\t\t\t<\/div>\n\t\t\t\t<\/div>\n\t\t\t\t\t<\/div>\n\t\t<\/div>\n\t\t\t\t\t<\/div>\n\t\t<\/section>\n\t\t\t\t<\/div>\n\t\t","protected":false},"excerpt":{"rendered":"<p>Entdecke deine StimmeEmpfinde die Harmonien der PopmusikErlebe die Gemeinschaft Eva MildenbergerS\u00e4ngerin im Alt &#8222;Ich singe gerne bei &#8222;Mundwerk&#8220;, denn ich habe mich schon bei meiner ersten Probe wohlgef\u00fchlt. Ich finde &#8230; <a title=\"Neue Startseite\" class=\"read-more\" href=\"https:\/\/www.musikverein-bobenheim.de\/mundwerk\/\" aria-label=\"Mehr Informationen \u00fcber Neue Startseite\">Weiterlesen<\/a><\/p>\n","protected":false},"author":1,"featured_media":0,"parent":0,"menu_order":0,"comment_status":"closed","ping_status":"closed","template":"","meta":{"footnotes":""},"class_list":["post-1565","page","type-page","status-publish"],"_links":{"self":[{"href":"https:\/\/www.musikverein-bobenheim.de\/mundwerk\/wp-json\/wp\/v2\/pages\/1565","targetHints":{"allow":["GET"]}}],"collection":[{"href":"https:\/\/www.musikverein-bobenheim.de\/mundwerk\/wp-json\/wp\/v2\/pages"}],"about":[{"href":"https:\/\/www.musikverein-bobenheim.de\/mundwerk\/wp-json\/wp\/v2\/types\/page"}],"author":[{"embeddable":true,"href":"https:\/\/www.musikverein-bobenheim.de\/mundwerk\/wp-json\/wp\/v2\/users\/1"}],"replies":[{"embeddable":true,"href":"https:\/\/www.musikverein-bobenheim.de\/mundwerk\/wp-json\/wp\/v2\/comments?post=1565"}],"version-history":[{"count":83,"href":"https:\/\/www.musikverein-bobenheim.de\/mundwerk\/wp-json\/wp\/v2\/pages\/1565\/revisions"}],"predecessor-version":[{"id":1916,"href":"https:\/\/www.musikverein-bobenheim.de\/mundwerk\/wp-json\/wp\/v2\/pages\/1565\/revisions\/1916"}],"wp:attachment":[{"href":"https:\/\/www.musikverein-bobenheim.de\/mundwerk\/wp-json\/wp\/v2\/media?parent=1565"}],"curies":[{"name":"wp","href":"https:\/\/api.w.org\/{rel}","templated":true}]}}