{"id":19,"date":"2018-02-04T15:26:11","date_gmt":"2018-02-04T14:26:11","guid":{"rendered":"http:\/\/www.musikverein-bobenheim.de\/musikwerkstatt\/?page_id=19"},"modified":"2018-04-10T10:40:38","modified_gmt":"2018-04-10T08:40:38","slug":"unterrichtsraeume","status":"publish","type":"page","link":"https:\/\/www.musikverein-bobenheim.de\/musikwerkstatt\/unterrichtsraeume\/","title":{"rendered":"Unterrichtsr\u00e4ume"},"content":{"rendered":"\t\t<div data-elementor-type=\"wp-post\" data-elementor-id=\"19\" class=\"elementor elementor-19 elementor-bc-flex-widget\">\n\t\t\t\t\t\t<section class=\"elementor-section elementor-top-section elementor-element elementor-element-89d91eb elementor-section-boxed elementor-section-height-default elementor-section-height-default\" data-id=\"89d91eb\" data-element_type=\"section\" data-e-type=\"section\">\n\t\t\t\t\t\t<div class=\"elementor-container elementor-column-gap-default\">\n\t\t\t\t\t<div class=\"elementor-column elementor-col-100 elementor-top-column elementor-element elementor-element-ccbfeb5\" data-id=\"ccbfeb5\" data-element_type=\"column\" data-e-type=\"column\">\n\t\t\t<div class=\"elementor-widget-wrap elementor-element-populated\">\n\t\t\t\t\t\t<div class=\"elementor-element elementor-element-5ae654c elementor-widget elementor-widget-spacer\" data-id=\"5ae654c\" data-element_type=\"widget\" data-e-type=\"widget\" data-widget_type=\"spacer.default\">\n\t\t\t\t<div class=\"elementor-widget-container\">\n\t\t\t\t\t\t\t<div class=\"elementor-spacer\">\n\t\t\t<div class=\"elementor-spacer-inner\"><\/div>\n\t\t<\/div>\n\t\t\t\t\t\t<\/div>\n\t\t\t\t<\/div>\n\t\t\t\t\t<\/div>\n\t\t<\/div>\n\t\t\t\t\t<\/div>\n\t\t<\/section>\n\t\t\t\t<section class=\"elementor-section elementor-top-section elementor-element elementor-element-4bf12a9 elementor-section-boxed elementor-section-height-default elementor-section-height-default\" data-id=\"4bf12a9\" data-element_type=\"section\" data-e-type=\"section\">\n\t\t\t\t\t\t<div class=\"elementor-container elementor-column-gap-default\">\n\t\t\t\t\t<div class=\"elementor-column elementor-col-33 elementor-top-column elementor-element elementor-element-4b7dcf8\" data-id=\"4b7dcf8\" data-element_type=\"column\" data-e-type=\"column\" data-settings=\"{&quot;background_background&quot;:&quot;classic&quot;}\">\n\t\t\t<div class=\"elementor-widget-wrap elementor-element-populated\">\n\t\t\t\t\t\t<div class=\"elementor-element elementor-element-b6fcbb5 elementor-position-top elementor-widget elementor-widget-image-box\" data-id=\"b6fcbb5\" data-element_type=\"widget\" data-e-type=\"widget\" data-widget_type=\"image-box.default\">\n\t\t\t\t<div class=\"elementor-widget-container\">\n\t\t\t\t\t<div class=\"elementor-image-box-wrapper\"><figure class=\"elementor-image-box-img\"><img fetchpriority=\"high\" decoding=\"async\" width=\"279\" height=\"209\" src=\"https:\/\/www.musikverein-bobenheim.de\/musikwerkstatt\/wp-content\/uploads\/2018\/02\/retzer.gif\" class=\"elementor-animation-grow attachment-full size-full wp-image-93\" alt=\"\" \/><\/figure><div class=\"elementor-image-box-content\"><h4 class=\"elementor-image-box-title\">Freinsheim Retzerhaus<\/h4><p class=\"elementor-image-box-description\">Musikalische Fr\u00fcherziehung, K\u00fckenmusik, \nSchlagzeug, Klavier, Blockfl\u00f6te, Gitarre, Blasinstrumente <\/p><\/div><\/div>\t\t\t\t<\/div>\n\t\t\t\t<\/div>\n\t\t\t\t\t<\/div>\n\t\t<\/div>\n\t\t\t\t<div class=\"elementor-column elementor-col-33 elementor-top-column elementor-element elementor-element-7daecd4\" data-id=\"7daecd4\" data-element_type=\"column\" data-e-type=\"column\" data-settings=\"{&quot;background_background&quot;:&quot;classic&quot;}\">\n\t\t\t<div class=\"elementor-widget-wrap elementor-element-populated\">\n\t\t\t\t\t\t<div class=\"elementor-element elementor-element-910a23b elementor-position-top elementor-widget elementor-widget-image-box\" data-id=\"910a23b\" data-element_type=\"widget\" data-e-type=\"widget\" data-widget_type=\"image-box.default\">\n\t\t\t\t<div class=\"elementor-widget-container\">\n\t\t\t\t\t<div class=\"elementor-image-box-wrapper\"><figure class=\"elementor-image-box-img\"><img decoding=\"async\" width=\"275\" height=\"205\" src=\"https:\/\/www.musikverein-bobenheim.de\/musikwerkstatt\/wp-content\/uploads\/2018\/02\/vereinshaus.gif\" class=\"elementor-animation-grow attachment-full size-full wp-image-94\" alt=\"\" \/><\/figure><div class=\"elementor-image-box-content\"><h4 class=\"elementor-image-box-title\">Bobenheim Vereinshaus<\/h4><p class=\"elementor-image-box-description\">Musikalische Fr\u00fcherziehung, K\u00fckenmusik, <br>Schlagzeug, Klavier, Blockfl\u00f6te, Gitarre, Blasinstrumente <\/p><\/div><\/div>\t\t\t\t<\/div>\n\t\t\t\t<\/div>\n\t\t\t\t\t<\/div>\n\t\t<\/div>\n\t\t\t\t<div class=\"elementor-column elementor-col-33 elementor-top-column elementor-element elementor-element-33f2f8c\" data-id=\"33f2f8c\" data-element_type=\"column\" data-e-type=\"column\" data-settings=\"{&quot;background_background&quot;:&quot;classic&quot;}\">\n\t\t\t<div class=\"elementor-widget-wrap elementor-element-populated\">\n\t\t\t\t\t\t<div class=\"elementor-element elementor-element-f5f5ab0 elementor-position-top elementor-widget elementor-widget-image-box\" data-id=\"f5f5ab0\" data-element_type=\"widget\" data-e-type=\"widget\" data-widget_type=\"image-box.default\">\n\t\t\t\t<div class=\"elementor-widget-container\">\n\t\t\t\t\t<div class=\"elementor-image-box-wrapper\"><figure class=\"elementor-image-box-img\"><img decoding=\"async\" width=\"275\" height=\"205\" src=\"https:\/\/www.musikverein-bobenheim.de\/musikwerkstatt\/wp-content\/uploads\/2018\/02\/grundschule.gif\" class=\"elementor-animation-grow attachment-full size-full wp-image-92\" alt=\"\" \/><\/figure><div class=\"elementor-image-box-content\"><h4 class=\"elementor-image-box-title\">Freinsheim Grundschule <\/h4><p class=\"elementor-image-box-description\">Gitarre, Fl\u00f6te, diverse\u200b<\/p><\/div><\/div>\t\t\t\t<\/div>\n\t\t\t\t<\/div>\n\t\t\t\t\t<\/div>\n\t\t<\/div>\n\t\t\t\t\t<\/div>\n\t\t<\/section>\n\t\t\t\t<section class=\"elementor-section elementor-top-section elementor-element elementor-element-425f17fd elementor-section-boxed elementor-section-height-default elementor-section-height-default\" data-id=\"425f17fd\" data-element_type=\"section\" data-e-type=\"section\">\n\t\t\t\t\t\t<div class=\"elementor-container elementor-column-gap-default\">\n\t\t\t\t\t<div class=\"elementor-column elementor-col-33 elementor-top-column elementor-element elementor-element-7c67336a\" data-id=\"7c67336a\" data-element_type=\"column\" data-e-type=\"column\" data-settings=\"{&quot;background_background&quot;:&quot;classic&quot;}\">\n\t\t\t<div class=\"elementor-widget-wrap elementor-element-populated\">\n\t\t\t\t\t\t<div class=\"elementor-element elementor-element-4ac3ca62 elementor-position-top elementor-widget elementor-widget-image-box\" data-id=\"4ac3ca62\" data-element_type=\"widget\" data-e-type=\"widget\" data-widget_type=\"image-box.default\">\n\t\t\t\t<div class=\"elementor-widget-container\">\n\t\t\t\t\t<div class=\"elementor-image-box-wrapper\"><figure class=\"elementor-image-box-img\"><img loading=\"lazy\" decoding=\"async\" width=\"275\" height=\"206\" src=\"https:\/\/www.musikverein-bobenheim.de\/musikwerkstatt\/wp-content\/uploads\/2018\/02\/buerger.gif\" class=\"elementor-animation-grow attachment-full size-full wp-image-88\" alt=\"\" \/><\/figure><div class=\"elementor-image-box-content\"><h4 class=\"elementor-image-box-title\">Weisenheim am Berg, Dorfgemeinschaftshaus\u200b<\/h4><p class=\"elementor-image-box-description\">Musikalische Fr\u00fcherziehung, K\u00fckenmusik, \nSchlagzeug, Klavier, Blockfl\u00f6te, Gitarre, Blasinstrumente <\/p><\/div><\/div>\t\t\t\t<\/div>\n\t\t\t\t<\/div>\n\t\t\t\t\t<\/div>\n\t\t<\/div>\n\t\t\t\t<div class=\"elementor-column elementor-col-33 elementor-top-column elementor-element elementor-element-779f7484\" data-id=\"779f7484\" data-element_type=\"column\" data-e-type=\"column\" data-settings=\"{&quot;background_background&quot;:&quot;classic&quot;}\">\n\t\t\t<div class=\"elementor-widget-wrap elementor-element-populated\">\n\t\t\t\t\t\t<div class=\"elementor-element elementor-element-12acabb0 elementor-position-top elementor-widget elementor-widget-image-box\" data-id=\"12acabb0\" data-element_type=\"widget\" data-e-type=\"widget\" data-widget_type=\"image-box.default\">\n\t\t\t\t<div class=\"elementor-widget-container\">\n\t\t\t\t\t<div class=\"elementor-image-box-wrapper\"><figure class=\"elementor-image-box-img\"><img loading=\"lazy\" decoding=\"async\" width=\"278\" height=\"208\" src=\"https:\/\/www.musikverein-bobenheim.de\/musikwerkstatt\/wp-content\/uploads\/2018\/02\/dorfgemeinschaft.gif\" class=\"elementor-animation-grow attachment-full size-full wp-image-90\" alt=\"\" \/><\/figure><div class=\"elementor-image-box-content\"><h4 class=\"elementor-image-box-title\">Bobenheim, Dorfgemeinschaftshaus\u200b<\/h4><p class=\"elementor-image-box-description\">Blasinstrumente, Klavier und diverse\u200b\u200b<\/p><\/div><\/div>\t\t\t\t<\/div>\n\t\t\t\t<\/div>\n\t\t\t\t\t<\/div>\n\t\t<\/div>\n\t\t\t\t<div class=\"elementor-column elementor-col-33 elementor-top-column elementor-element elementor-element-541057eb\" data-id=\"541057eb\" data-element_type=\"column\" data-e-type=\"column\" data-settings=\"{&quot;background_background&quot;:&quot;classic&quot;}\">\n\t\t\t<div class=\"elementor-widget-wrap elementor-element-populated\">\n\t\t\t\t\t\t<div class=\"elementor-element elementor-element-6b519b7b elementor-position-top elementor-widget elementor-widget-image-box\" data-id=\"6b519b7b\" data-element_type=\"widget\" data-e-type=\"widget\" data-widget_type=\"image-box.default\">\n\t\t\t\t<div class=\"elementor-widget-container\">\n\t\t\t\t\t<div class=\"elementor-image-box-wrapper\"><figure class=\"elementor-image-box-img\"><img loading=\"lazy\" decoding=\"async\" width=\"273\" height=\"203\" src=\"https:\/\/www.musikverein-bobenheim.de\/musikwerkstatt\/wp-content\/uploads\/2018\/02\/dackenheimb.gif\" class=\"elementor-animation-grow attachment-full size-full wp-image-89\" alt=\"\" \/><\/figure><div class=\"elementor-image-box-content\"><h4 class=\"elementor-image-box-title\"> Dackenheim, Dorfgemeinschaftshaus\u200b<\/h4><p class=\"elementor-image-box-description\">Blasinstrumente, Klavier und diverse\u200b\u200b\u200b<\/p><\/div><\/div>\t\t\t\t<\/div>\n\t\t\t\t<\/div>\n\t\t\t\t\t<\/div>\n\t\t<\/div>\n\t\t\t\t\t<\/div>\n\t\t<\/section>\n\t\t\t\t<section class=\"elementor-section elementor-top-section elementor-element elementor-element-55ce5a6c elementor-section-boxed elementor-section-height-default elementor-section-height-default\" data-id=\"55ce5a6c\" data-element_type=\"section\" data-e-type=\"section\">\n\t\t\t\t\t\t<div class=\"elementor-container elementor-column-gap-default\">\n\t\t\t\t\t<div class=\"elementor-column elementor-col-33 elementor-top-column elementor-element elementor-element-564cfe8e\" data-id=\"564cfe8e\" data-element_type=\"column\" data-e-type=\"column\" data-settings=\"{&quot;background_background&quot;:&quot;classic&quot;}\">\n\t\t\t<div class=\"elementor-widget-wrap elementor-element-populated\">\n\t\t\t\t\t\t<div class=\"elementor-element elementor-element-7d15a4ec elementor-position-top elementor-widget elementor-widget-image-box\" data-id=\"7d15a4ec\" data-element_type=\"widget\" data-e-type=\"widget\" data-widget_type=\"image-box.default\">\n\t\t\t\t<div class=\"elementor-widget-container\">\n\t\t\t\t\t<div class=\"elementor-image-box-wrapper\"><figure class=\"elementor-image-box-img\"><img loading=\"lazy\" decoding=\"async\" width=\"272\" height=\"203\" src=\"https:\/\/www.musikverein-bobenheim.de\/musikwerkstatt\/wp-content\/uploads\/2018\/02\/erpolzheimb.jpg\" class=\"elementor-animation-grow attachment-full size-full wp-image-91\" alt=\"\" \/><\/figure><div class=\"elementor-image-box-content\"><h4 class=\"elementor-image-box-title\">Erpolzheim, B\u00fcrgerhaus\u200b<\/h4><p class=\"elementor-image-box-description\">Blasinstrumente, Klavier und diverse\u200b\u200b<\/p><\/div><\/div>\t\t\t\t<\/div>\n\t\t\t\t<\/div>\n\t\t\t\t\t<\/div>\n\t\t<\/div>\n\t\t\t\t<div class=\"elementor-column elementor-col-33 elementor-top-column elementor-element elementor-element-5b3d137a\" data-id=\"5b3d137a\" data-element_type=\"column\" data-e-type=\"column\" data-settings=\"{&quot;background_background&quot;:&quot;classic&quot;}\">\n\t\t\t<div class=\"elementor-widget-wrap elementor-element-populated\">\n\t\t\t\t\t\t<div class=\"elementor-element elementor-element-5797d74c elementor-position-top elementor-widget elementor-widget-image-box\" data-id=\"5797d74c\" data-element_type=\"widget\" data-e-type=\"widget\" data-widget_type=\"image-box.default\">\n\t\t\t\t<div class=\"elementor-widget-container\">\n\t\t\t\t\t<div class=\"elementor-image-box-wrapper\"><figure class=\"elementor-image-box-img\"><img loading=\"lazy\" decoding=\"async\" width=\"274\" height=\"204\" src=\"https:\/\/www.musikverein-bobenheim.de\/musikwerkstatt\/wp-content\/uploads\/2018\/02\/weisensand.gif\" class=\"elementor-animation-grow attachment-full size-full wp-image-149\" alt=\"\" \/><\/figure><div class=\"elementor-image-box-content\"><h4 class=\"elementor-image-box-title\">Weisenheim am Sand, Grundschule\u200b<\/h4><p class=\"elementor-image-box-description\">Klavier<\/p><\/div><\/div>\t\t\t\t<\/div>\n\t\t\t\t<\/div>\n\t\t\t\t\t<\/div>\n\t\t<\/div>\n\t\t\t\t<div class=\"elementor-column elementor-col-33 elementor-top-column elementor-element elementor-element-4af5a892\" data-id=\"4af5a892\" data-element_type=\"column\" data-e-type=\"column\" data-settings=\"{&quot;background_background&quot;:&quot;classic&quot;}\">\n\t\t\t<div class=\"elementor-widget-wrap\">\n\t\t\t\t\t\t\t<\/div>\n\t\t<\/div>\n\t\t\t\t\t<\/div>\n\t\t<\/section>\n\t\t\t\t<\/div>\n\t\t","protected":false},"excerpt":{"rendered":"<p>Freinsheim Retzerhaus Musikalische Fr\u00fcherziehung, K\u00fckenmusik, Schlagzeug, Klavier, Blockfl\u00f6te, Gitarre, Blasinstrumente Bobenheim Vereinshaus Musikalische Fr\u00fcherziehung, K\u00fckenmusik, Schlagzeug, Klavier, Blockfl\u00f6te, Gitarre, Blasinstrumente Freinsheim Grundschule Gitarre, Fl\u00f6te, diverse\u200b Weisenheim am Berg, Dorfgemeinschaftshaus\u200b Musikalische Fr\u00fcherziehung, K\u00fckenmusik, Schlagzeug, Klavier, Blockfl\u00f6te, Gitarre, Blasinstrumente Bobenheim, Dorfgemeinschaftshaus\u200b Blasinstrumente, Klavier und diverse\u200b\u200b Dackenheim, Dorfgemeinschaftshaus\u200b Blasinstrumente, Klavier und diverse\u200b\u200b\u200b Erpolzheim, B\u00fcrgerhaus\u200b Blasinstrumente, Klavier und diverse\u200b\u200b &#8230; <a title=\"Unterrichtsr\u00e4ume\" class=\"read-more\" href=\"https:\/\/www.musikverein-bobenheim.de\/musikwerkstatt\/unterrichtsraeume\/\" aria-label=\"Mehr Informationen \u00fcber Unterrichtsr\u00e4ume\">Weiterlesen<\/a><\/p>\n","protected":false},"author":1,"featured_media":0,"parent":0,"menu_order":0,"comment_status":"closed","ping_status":"closed","template":"","meta":{"footnotes":""},"class_list":["post-19","page","type-page","status-publish"],"_links":{"self":[{"href":"https:\/\/www.musikverein-bobenheim.de\/musikwerkstatt\/wp-json\/wp\/v2\/pages\/19","targetHints":{"allow":["GET"]}}],"collection":[{"href":"https:\/\/www.musikverein-bobenheim.de\/musikwerkstatt\/wp-json\/wp\/v2\/pages"}],"about":[{"href":"https:\/\/www.musikverein-bobenheim.de\/musikwerkstatt\/wp-json\/wp\/v2\/types\/page"}],"author":[{"embeddable":true,"href":"https:\/\/www.musikverein-bobenheim.de\/musikwerkstatt\/wp-json\/wp\/v2\/users\/1"}],"replies":[{"embeddable":true,"href":"https:\/\/www.musikverein-bobenheim.de\/musikwerkstatt\/wp-json\/wp\/v2\/comments?post=19"}],"version-history":[{"count":86,"href":"https:\/\/www.musikverein-bobenheim.de\/musikwerkstatt\/wp-json\/wp\/v2\/pages\/19\/revisions"}],"predecessor-version":[{"id":718,"href":"https:\/\/www.musikverein-bobenheim.de\/musikwerkstatt\/wp-json\/wp\/v2\/pages\/19\/revisions\/718"}],"wp:attachment":[{"href":"https:\/\/www.musikverein-bobenheim.de\/musikwerkstatt\/wp-json\/wp\/v2\/media?parent=19"}],"curies":[{"name":"wp","href":"https:\/\/api.w.org\/{rel}","templated":true}]}}