{"id":13,"date":"2018-03-07T12:34:26","date_gmt":"2018-03-07T11:34:26","guid":{"rendered":"http:\/\/www.musikverein-bobenheim.de\/projekt\/?page_id=13"},"modified":"2022-09-02T12:39:11","modified_gmt":"2022-09-02T10:39:11","slug":"aktuelles","status":"publish","type":"page","link":"https:\/\/www.musikverein-bobenheim.de\/projekt\/","title":{"rendered":"Start"},"content":{"rendered":"\t\t<div data-elementor-type=\"wp-post\" data-elementor-id=\"13\" class=\"elementor elementor-13\">\n\t\t\t\t\t\t<section class=\"elementor-section elementor-top-section elementor-element elementor-element-9c3a805 elementor-section-boxed elementor-section-height-default elementor-section-height-default\" data-id=\"9c3a805\" data-element_type=\"section\">\n\t\t\t\t\t\t<div class=\"elementor-container elementor-column-gap-default\">\n\t\t\t\t\t<div class=\"elementor-column elementor-col-100 elementor-top-column elementor-element elementor-element-bc22c26\" data-id=\"bc22c26\" data-element_type=\"column\">\n\t\t\t<div class=\"elementor-widget-wrap elementor-element-populated\">\n\t\t\t\t\t\t<div class=\"elementor-element elementor-element-6d5f105 elementor-widget-divider--view-line elementor-widget elementor-widget-divider\" data-id=\"6d5f105\" data-element_type=\"widget\" data-widget_type=\"divider.default\">\n\t\t\t\t<div class=\"elementor-widget-container\">\n\t\t\t\t\t\t\t<div class=\"elementor-divider\">\n\t\t\t<span class=\"elementor-divider-separator\">\n\t\t\t\t\t\t<\/span>\n\t\t<\/div>\n\t\t\t\t\t\t<\/div>\n\t\t\t\t<\/div>\n\t\t\t\t\t<\/div>\n\t\t<\/div>\n\t\t\t\t\t<\/div>\n\t\t<\/section>\n\t\t\t\t<section class=\"elementor-section elementor-top-section elementor-element elementor-element-1bc3d5a elementor-section-boxed elementor-section-height-default elementor-section-height-default\" data-id=\"1bc3d5a\" data-element_type=\"section\">\n\t\t\t\t\t\t<div class=\"elementor-container elementor-column-gap-default\">\n\t\t\t\t\t<div class=\"elementor-column elementor-col-100 elementor-top-column elementor-element elementor-element-334dd7d\" data-id=\"334dd7d\" data-element_type=\"column\">\n\t\t\t<div class=\"elementor-widget-wrap elementor-element-populated\">\n\t\t\t\t\t\t<div class=\"elementor-element elementor-element-4708508 elementor-widget elementor-widget-heading\" data-id=\"4708508\" data-element_type=\"widget\" data-widget_type=\"heading.default\">\n\t\t\t\t<div class=\"elementor-widget-container\">\n\t\t\t\t\t<h2 class=\"elementor-heading-title elementor-size-default\">\nProbentermine<\/h2>\t\t\t\t<\/div>\n\t\t\t\t<\/div>\n\t\t\t\t\t<\/div>\n\t\t<\/div>\n\t\t\t\t\t<\/div>\n\t\t<\/section>\n\t\t\t\t<section class=\"elementor-section elementor-top-section elementor-element elementor-element-f63b7cb elementor-section-boxed elementor-section-height-default elementor-section-height-default\" data-id=\"f63b7cb\" data-element_type=\"section\">\n\t\t\t\t\t\t<div class=\"elementor-container elementor-column-gap-default\">\n\t\t\t\t\t<div class=\"elementor-column elementor-col-100 elementor-top-column elementor-element elementor-element-6a53292\" data-id=\"6a53292\" data-element_type=\"column\">\n\t\t\t<div class=\"elementor-widget-wrap elementor-element-populated\">\n\t\t\t\t\t\t<div class=\"elementor-element elementor-element-12fb897 elementor-widget elementor-widget-text-editor\" data-id=\"12fb897\" data-element_type=\"widget\" data-widget_type=\"text-editor.default\">\n\t\t\t\t<div class=\"elementor-widget-container\">\n\t\t\t\t\t\t\t\t\t<section class=\"elementor-section elementor-top-section elementor-element elementor-element-d479fa9 elementor-section-boxed elementor-section-height-default elementor-section-height-default\" data-id=\"d479fa9\" data-element_type=\"section\"><div class=\"elementor-container elementor-column-gap-default\"><div class=\"elementor-row\"><div class=\"elementor-column elementor-col-100 elementor-top-column elementor-element elementor-element-3cf6f1c\" data-id=\"3cf6f1c\" data-element_type=\"column\"><div class=\"elementor-column-wrap elementor-element-populated\"><div class=\"elementor-widget-wrap\"><div class=\"elementor-element elementor-element-f2f44c3 elementor-widget elementor-widget-text-editor\" data-id=\"f2f44c3\" data-element_type=\"widget\" data-widget_type=\"text-editor.default\"><div class=\"elementor-widget-container\"><div class=\"elementor-text-editor elementor-clearfix\"><p style=\"text-align: center;\">Die Proben finden w\u00f6chentlich samstags von 10:30 Uhr bis 12:30 Uhr statt<\/p><p style=\"text-align: center;\">Der Probeort ist in der Turnhalle in Bobenheim am Berg (neben dem Vereinshaus)<\/p><\/div><\/div><\/div><\/div><\/div><\/div><\/div><\/div><\/section>\t\t\t\t\t\t\t\t<\/div>\n\t\t\t\t<\/div>\n\t\t\t\t\t<\/div>\n\t\t<\/div>\n\t\t\t\t\t<\/div>\n\t\t<\/section>\n\t\t\t\t<section class=\"elementor-section elementor-top-section elementor-element elementor-element-a97488a elementor-section-boxed elementor-section-height-default elementor-section-height-default\" data-id=\"a97488a\" data-element_type=\"section\">\n\t\t\t\t\t\t<div class=\"elementor-container elementor-column-gap-default\">\n\t\t\t\t\t<div class=\"elementor-column elementor-col-100 elementor-top-column elementor-element elementor-element-7ad4c6b\" data-id=\"7ad4c6b\" data-element_type=\"column\">\n\t\t\t<div class=\"elementor-widget-wrap elementor-element-populated\">\n\t\t\t\t\t\t<div class=\"elementor-element elementor-element-87099aa elementor-widget-divider--view-line elementor-widget elementor-widget-divider\" data-id=\"87099aa\" data-element_type=\"widget\" data-widget_type=\"divider.default\">\n\t\t\t\t<div class=\"elementor-widget-container\">\n\t\t\t\t\t\t\t<div class=\"elementor-divider\">\n\t\t\t<span class=\"elementor-divider-separator\">\n\t\t\t\t\t\t<\/span>\n\t\t<\/div>\n\t\t\t\t\t\t<\/div>\n\t\t\t\t<\/div>\n\t\t\t\t\t<\/div>\n\t\t<\/div>\n\t\t\t\t\t<\/div>\n\t\t<\/section>\n\t\t\t\t<section class=\"elementor-section elementor-top-section elementor-element elementor-element-c9df8df elementor-section-boxed elementor-section-height-default elementor-section-height-default\" data-id=\"c9df8df\" data-element_type=\"section\">\n\t\t\t\t\t\t<div class=\"elementor-container elementor-column-gap-default\">\n\t\t\t\t\t<div class=\"elementor-column elementor-col-100 elementor-top-column elementor-element elementor-element-455664d\" data-id=\"455664d\" data-element_type=\"column\">\n\t\t\t<div class=\"elementor-widget-wrap elementor-element-populated\">\n\t\t\t\t\t\t<div class=\"elementor-element elementor-element-754d29f elementor-widget elementor-widget-text-editor\" data-id=\"754d29f\" data-element_type=\"widget\" data-widget_type=\"text-editor.default\">\n\t\t\t\t<div class=\"elementor-widget-container\">\n\t\t\t\t\t\t\t\t\t<h2 style=\"text-align: center;\"><strong>Ein Riesenerfolg!<\/strong><\/h2><h5>Am 9.11.2019 um 10:30 Uhr fand die Informationsveranstaltung f\u00fcr die Bl\u00e4serklasseXL in Bobenheim am Berg statt.<\/h5><h5>Im Vorfeld sp\u00fcrten die Organisatoren bereits ein gro\u00dfes Interesse f\u00fcr das Projekt: Erwachsene Menschen, ohne musikalischen Hintergrund, an das Erlernen eines Instrumentes heranzuf\u00fchren.<br \/>Dass am Ende ann\u00e4hrend 50 Interessenten den Raum im Dorfgemeinschaftshaus in Bobenheim f\u00fcllen w\u00fcrden, \u00fcberraschte aber dann doch die gr\u00f6\u00dften Optimisten.<\/h5><h5>Nach der Begr\u00fc\u00dfung durch die Mitorganisatorin Britta Pallasch, erl\u00e4uterte J\u00fcrgen Rings das Konzept der Bl\u00e4serklasse.<br \/>In einer Gruppe von ca. 18 angehenden Musikern, werden die Grundz\u00fcge der Musik systematisch erlernt. Der Fokus, so Rings, liege dabei am Spa\u00df an der gemeinsamen Musik. <br \/>Offenheit gegen\u00fcber den verschiedenen Instrumenten gilt als Basis der Teilnahme. <br \/>Mit \u201eLearning by doing\u201c wird gleich am Instrument gearbeitet, um die Motivation und den Teamgeist zu st\u00e4rken. Ein neues \u201ekleines\u201c Orchester f\u00fcr den Musikverein Bobenheim am Berg.<\/h5><h5>Starten wir das Ganze am 11.Januar 2020 mit einem Instrumentenkarusell, bei dem Jeder jedes Instrument testet. Unter Ber\u00fccksichtigung verschiedener Faktoren, wie z.B. der Anatomie, wird gemeinsam das passende Instrument gefunden.<\/h5><h5>Ausreichend Zeit f\u00fcr offene Fragen, welche die Anwesenden besch\u00e4ftigte, wurde geboten. So konnte der Ablauf der Praxis anschaulich erl\u00e4utert werden.<\/h5><h5>\u201eVertragslaufzeit\u201c, \u201eLeihinstrument\u201c oder \u201eFerienzeiten\u201c sind nur Beispiele f\u00fcr den regen Austausch. Hier konnte die Vorsitzende des Musikvereins, Oda Jung-Koppe, die b\u00fcrokratischen Fragen kl\u00e4ren.<\/h5><h5>Zum Abschluss gab es dann noch von den beiden Lehrern Freeman Robbins, f\u00fcr die Holzblasinstrumente und J\u00fcrgen Rings, der f\u00fcr die Blechbl\u00e4ser zust\u00e4ndig sein wird, ordentlich was auf die Ohren. Die beiden stellten ihr K\u00f6nnen unter Beweis und sp\u00e4testens hier hatte jeder Besucher \u201esein\u201c Lieblingsinstrument ins Auge ( und Ohr ) gefasst.<\/h5><h5>Es bleibt also spannend, ob es nach dem Karussell tats\u00e4chlich der heimliche Favorit wird &#8211; oder aber ein anderes Instrument, welches ungeahnte Talente zum Vorschein bringt. Die Vorfreude darauf war in jedem Fall zu sp\u00fcren!<\/h5><h5>Zum Ende des Vormittages stand fest: Es wird 2 neue \u201eKleine Orchester\u201c geben, denn die Anmeldung f\u00fcr die Bl\u00e4serklasseXL wurde sofort genutzt und die beiden Klassen waren schnell gef\u00fcllt.<\/h5>\t\t\t\t\t\t\t\t<\/div>\n\t\t\t\t<\/div>\n\t\t\t\t\t<\/div>\n\t\t<\/div>\n\t\t\t\t\t<\/div>\n\t\t<\/section>\n\t\t\t\t<section class=\"elementor-section elementor-top-section elementor-element elementor-element-a9b8668 elementor-section-boxed elementor-section-height-default elementor-section-height-default\" data-id=\"a9b8668\" data-element_type=\"section\">\n\t\t\t\t\t\t<div class=\"elementor-container elementor-column-gap-default\">\n\t\t\t\t\t<div class=\"elementor-column elementor-col-100 elementor-top-column elementor-element elementor-element-38253ed\" data-id=\"38253ed\" data-element_type=\"column\">\n\t\t\t<div class=\"elementor-widget-wrap elementor-element-populated\">\n\t\t\t\t\t\t<div class=\"elementor-element elementor-element-b4a224f elementor-widget elementor-widget-image\" data-id=\"b4a224f\" data-element_type=\"widget\" data-widget_type=\"image.default\">\n\t\t\t\t<div class=\"elementor-widget-container\">\n\t\t\t\t\t\t\t\t\t\t\t\t\t\t\t<img fetchpriority=\"high\" decoding=\"async\" width=\"885\" height=\"1024\" src=\"https:\/\/www.musikverein-bobenheim.de\/projekt\/wp-content\/uploads\/2019\/11\/InstrumenteBK-885x1024.jpg\" class=\"attachment-large size-large wp-image-232\" alt=\"\" srcset=\"https:\/\/www.musikverein-bobenheim.de\/projekt\/wp-content\/uploads\/2019\/11\/InstrumenteBK-885x1024.jpg 885w, https:\/\/www.musikverein-bobenheim.de\/projekt\/wp-content\/uploads\/2019\/11\/InstrumenteBK-259x300.jpg 259w, https:\/\/www.musikverein-bobenheim.de\/projekt\/wp-content\/uploads\/2019\/11\/InstrumenteBK-768x888.jpg 768w, https:\/\/www.musikverein-bobenheim.de\/projekt\/wp-content\/uploads\/2019\/11\/InstrumenteBK.jpg 1844w\" sizes=\"(max-width: 885px) 100vw, 885px\" \/>\t\t\t\t\t\t\t\t\t\t\t\t\t\t\t<\/div>\n\t\t\t\t<\/div>\n\t\t\t\t\t<\/div>\n\t\t<\/div>\n\t\t\t\t\t<\/div>\n\t\t<\/section>\n\t\t\t\t<section class=\"elementor-section elementor-top-section elementor-element elementor-element-35c3f64 elementor-section-boxed elementor-section-height-default elementor-section-height-default\" data-id=\"35c3f64\" data-element_type=\"section\">\n\t\t\t\t\t\t<div class=\"elementor-container elementor-column-gap-default\">\n\t\t\t\t\t<div class=\"elementor-column elementor-col-100 elementor-top-column elementor-element elementor-element-2b4e2c8\" data-id=\"2b4e2c8\" data-element_type=\"column\">\n\t\t\t<div class=\"elementor-widget-wrap elementor-element-populated\">\n\t\t\t\t\t\t<div class=\"elementor-element elementor-element-1c4ebbc elementor-widget elementor-widget-image\" data-id=\"1c4ebbc\" data-element_type=\"widget\" data-widget_type=\"image.default\">\n\t\t\t\t<div class=\"elementor-widget-container\">\n\t\t\t\t\t\t\t\t\t\t\t\t\t\t\t<img decoding=\"async\" width=\"1024\" height=\"541\" src=\"https:\/\/www.musikverein-bobenheim.de\/projekt\/wp-content\/uploads\/2019\/11\/Platzsuche9.11.-1024x541.jpg\" class=\"attachment-large size-large wp-image-233\" alt=\"\" srcset=\"https:\/\/www.musikverein-bobenheim.de\/projekt\/wp-content\/uploads\/2019\/11\/Platzsuche9.11.-1024x541.jpg 1024w, https:\/\/www.musikverein-bobenheim.de\/projekt\/wp-content\/uploads\/2019\/11\/Platzsuche9.11.-300x158.jpg 300w, https:\/\/www.musikverein-bobenheim.de\/projekt\/wp-content\/uploads\/2019\/11\/Platzsuche9.11.-768x406.jpg 768w\" sizes=\"(max-width: 1024px) 100vw, 1024px\" \/>\t\t\t\t\t\t\t\t\t\t\t\t\t\t\t<\/div>\n\t\t\t\t<\/div>\n\t\t\t\t\t<\/div>\n\t\t<\/div>\n\t\t\t\t\t<\/div>\n\t\t<\/section>\n\t\t\t\t<section class=\"elementor-section elementor-top-section elementor-element elementor-element-e0a0cd0 elementor-section-boxed elementor-section-height-default elementor-section-height-default\" data-id=\"e0a0cd0\" data-element_type=\"section\">\n\t\t\t\t\t\t<div class=\"elementor-container elementor-column-gap-default\">\n\t\t\t\t\t<div class=\"elementor-column elementor-col-100 elementor-top-column elementor-element elementor-element-8cb3a15\" data-id=\"8cb3a15\" data-element_type=\"column\">\n\t\t\t<div class=\"elementor-widget-wrap elementor-element-populated\">\n\t\t\t\t\t\t<div class=\"elementor-element elementor-element-1059dde elementor-widget-divider--view-line elementor-widget elementor-widget-divider\" data-id=\"1059dde\" data-element_type=\"widget\" data-widget_type=\"divider.default\">\n\t\t\t\t<div class=\"elementor-widget-container\">\n\t\t\t\t\t\t\t<div class=\"elementor-divider\">\n\t\t\t<span class=\"elementor-divider-separator\">\n\t\t\t\t\t\t<\/span>\n\t\t<\/div>\n\t\t\t\t\t\t<\/div>\n\t\t\t\t<\/div>\n\t\t\t\t\t<\/div>\n\t\t<\/div>\n\t\t\t\t\t<\/div>\n\t\t<\/section>\n\t\t\t\t<section class=\"elementor-section elementor-top-section elementor-element elementor-element-fbf048e elementor-section-boxed elementor-section-height-default elementor-section-height-default\" data-id=\"fbf048e\" data-element_type=\"section\">\n\t\t\t\t\t\t<div class=\"elementor-container elementor-column-gap-default\">\n\t\t\t\t\t<div class=\"elementor-column elementor-col-100 elementor-top-column elementor-element elementor-element-9715709\" data-id=\"9715709\" data-element_type=\"column\">\n\t\t\t<div class=\"elementor-widget-wrap elementor-element-populated\">\n\t\t\t\t\t\t<div class=\"elementor-element elementor-element-0d76ed5 elementor-widget elementor-widget-text-editor\" data-id=\"0d76ed5\" data-element_type=\"widget\" data-widget_type=\"text-editor.default\">\n\t\t\t\t<div class=\"elementor-widget-container\">\n\t\t\t\t\t\t\t\t\t<h2><span style=\"font-size: large;\">Die neue<b> E<\/b>rwachsenen &#8211;<b>Klasse<\/b> des Musikverein Bobenheim am Berg sucht Dich!<\/span><span style=\"font-size: large;\"><br \/><\/span><\/h2><p><i>&#8222;Wenn ich sehe, welchen Spa\u00df ihr habt und wie viel gute Laune ihr verbreitet, h\u00e4tte ich richtig Lust,<\/i><i> mitzuspielen. Fr\u00fcher hatte ich daf\u00fcr keine Zeit, keine Lust, kein Geld.&#8220;<\/i><\/p><p>Solche Aussagen h\u00f6ren wir immer wieder. Die Chance, im Erwachsenenalter noch einmal ein neues Hobby zu erlernen, bietet der Musikverein Bobenheim am Berg ab Januar 2020.<\/p><p>Das Erlernen eines Musikinstrumentes ist nicht an das Alter oder die Kindheit gebunden. Viele<br \/>unserer \u00e4lteren Musiker haben den Schritt gewagt und Einzelunterricht genommen. So findet man in<br \/>unseren Orchestern eine gelungene Mischung mit Musikern unterschiedlichster &#8222;Alters- und<br \/>Lehrjahren&#8220;.<br \/>Nun wollen wir einen weiteren Schritt machen und das schon bei anderen Vereinen bew\u00e4hrte<br \/>Konzept der &#8222;Bl\u00e4serklasse f\u00fcr Erwachsene&#8220; anbieten.<br \/>Gemeinsam lernt es sich leichter und der Spa\u00df am musizieren in der Gruppe motiviert sowieso. Und<br \/>das Beste: Es sind keinerlei musikalische Vorkenntnisse n\u00f6tig.<br \/>Mit J\u00fcrgen Rings und Freeman Robbins haben wir zwei Orchesterleiter gefunden, die bereits mehrere Jahre Bl\u00e4serklassenerfahrung haben.<\/p>\t\t\t\t\t\t\t\t<\/div>\n\t\t\t\t<\/div>\n\t\t\t\t\t<\/div>\n\t\t<\/div>\n\t\t\t\t\t<\/div>\n\t\t<\/section>\n\t\t\t\t<section class=\"elementor-section elementor-top-section elementor-element elementor-element-15bde41 elementor-section-boxed elementor-section-height-default elementor-section-height-default\" data-id=\"15bde41\" data-element_type=\"section\">\n\t\t\t\t\t\t<div class=\"elementor-container elementor-column-gap-default\">\n\t\t\t\t\t<div class=\"elementor-column elementor-col-100 elementor-top-column elementor-element elementor-element-48e6b57\" data-id=\"48e6b57\" data-element_type=\"column\">\n\t\t\t<div class=\"elementor-widget-wrap elementor-element-populated\">\n\t\t\t\t\t\t<div class=\"elementor-element elementor-element-cb0947d elementor-widget elementor-widget-text-editor\" data-id=\"cb0947d\" data-element_type=\"widget\" data-widget_type=\"text-editor.default\">\n\t\t\t\t<div class=\"elementor-widget-container\">\n\t\t\t\t\t\t\t\t\t<p>Interesse?<\/p><p><a href=\"mailto:blaeserklassexl@musikverein-bobenheim.de\"><span style=\"color: #ff0000;\">blaeserklassexl@musikverein-bobenheim.de<\/span><\/a><\/p><p>Musikalische Gr\u00fc\u00dfe,<br \/>der Vorstand des Musikvereins Bobenheim am Berg<\/p>\t\t\t\t\t\t\t\t<\/div>\n\t\t\t\t<\/div>\n\t\t\t\t\t<\/div>\n\t\t<\/div>\n\t\t\t\t\t<\/div>\n\t\t<\/section>\n\t\t\t\t<section class=\"elementor-section elementor-top-section elementor-element elementor-element-d76d644 elementor-section-boxed elementor-section-height-default elementor-section-height-default\" data-id=\"d76d644\" data-element_type=\"section\">\n\t\t\t\t\t\t<div class=\"elementor-container elementor-column-gap-default\">\n\t\t\t\t\t<div class=\"elementor-column elementor-col-50 elementor-top-column elementor-element elementor-element-8d64845\" data-id=\"8d64845\" data-element_type=\"column\">\n\t\t\t<div class=\"elementor-widget-wrap elementor-element-populated\">\n\t\t\t\t\t\t<div class=\"elementor-element elementor-element-31a2aa4 elementor-widget elementor-widget-image\" data-id=\"31a2aa4\" data-element_type=\"widget\" data-widget_type=\"image.default\">\n\t\t\t\t<div class=\"elementor-widget-container\">\n\t\t\t\t\t\t\t\t\t\t\t\t<figure class=\"wp-caption\">\n\t\t\t\t\t\t\t\t\t\t<img decoding=\"async\" width=\"1024\" height=\"1024\" src=\"https:\/\/www.musikverein-bobenheim.de\/projekt\/wp-content\/uploads\/2019\/09\/J\u00fcrgen2-1024x1024.jpg\" class=\"attachment-large size-large wp-image-154\" alt=\"\" srcset=\"https:\/\/www.musikverein-bobenheim.de\/projekt\/wp-content\/uploads\/2019\/09\/J\u00fcrgen2-1024x1024.jpg 1024w, https:\/\/www.musikverein-bobenheim.de\/projekt\/wp-content\/uploads\/2019\/09\/J\u00fcrgen2-150x150.jpg 150w, https:\/\/www.musikverein-bobenheim.de\/projekt\/wp-content\/uploads\/2019\/09\/J\u00fcrgen2-300x300.jpg 300w, https:\/\/www.musikverein-bobenheim.de\/projekt\/wp-content\/uploads\/2019\/09\/J\u00fcrgen2-768x768.jpg 768w, https:\/\/www.musikverein-bobenheim.de\/projekt\/wp-content\/uploads\/2019\/09\/J\u00fcrgen2-45x45.jpg 45w, https:\/\/www.musikverein-bobenheim.de\/projekt\/wp-content\/uploads\/2019\/09\/J\u00fcrgen2.jpg 1600w\" sizes=\"(max-width: 1024px) 100vw, 1024px\" \/>\t\t\t\t\t\t\t\t\t\t\t<figcaption class=\"widget-image-caption wp-caption-text\">J\u00fcrgen Rings<\/figcaption>\n\t\t\t\t\t\t\t\t\t\t<\/figure>\n\t\t\t\t\t\t\t\t\t<\/div>\n\t\t\t\t<\/div>\n\t\t\t\t\t<\/div>\n\t\t<\/div>\n\t\t\t\t<div class=\"elementor-column elementor-col-50 elementor-top-column elementor-element elementor-element-7354dbd\" data-id=\"7354dbd\" data-element_type=\"column\">\n\t\t\t<div class=\"elementor-widget-wrap elementor-element-populated\">\n\t\t\t\t\t\t<div class=\"elementor-element elementor-element-c60f208 elementor-widget elementor-widget-image\" data-id=\"c60f208\" data-element_type=\"widget\" data-widget_type=\"image.default\">\n\t\t\t\t<div class=\"elementor-widget-container\">\n\t\t\t\t\t\t\t\t\t\t\t\t<figure class=\"wp-caption\">\n\t\t\t\t\t\t\t\t\t\t<img loading=\"lazy\" decoding=\"async\" width=\"1024\" height=\"1024\" src=\"https:\/\/www.musikverein-bobenheim.de\/projekt\/wp-content\/uploads\/2019\/09\/IMG-20190918-WA0021-1024x1024.jpg\" class=\"attachment-large size-large wp-image-121\" alt=\"\" srcset=\"https:\/\/www.musikverein-bobenheim.de\/projekt\/wp-content\/uploads\/2019\/09\/IMG-20190918-WA0021-1024x1024.jpg 1024w, https:\/\/www.musikverein-bobenheim.de\/projekt\/wp-content\/uploads\/2019\/09\/IMG-20190918-WA0021-150x150.jpg 150w, https:\/\/www.musikverein-bobenheim.de\/projekt\/wp-content\/uploads\/2019\/09\/IMG-20190918-WA0021-300x300.jpg 300w, https:\/\/www.musikverein-bobenheim.de\/projekt\/wp-content\/uploads\/2019\/09\/IMG-20190918-WA0021-768x768.jpg 768w, https:\/\/www.musikverein-bobenheim.de\/projekt\/wp-content\/uploads\/2019\/09\/IMG-20190918-WA0021-45x45.jpg 45w, https:\/\/www.musikverein-bobenheim.de\/projekt\/wp-content\/uploads\/2019\/09\/IMG-20190918-WA0021.jpg 1600w\" sizes=\"(max-width: 1024px) 100vw, 1024px\" \/>\t\t\t\t\t\t\t\t\t\t\t<figcaption class=\"widget-image-caption wp-caption-text\">Freeman Robbins<\/figcaption>\n\t\t\t\t\t\t\t\t\t\t<\/figure>\n\t\t\t\t\t\t\t\t\t<\/div>\n\t\t\t\t<\/div>\n\t\t\t\t\t<\/div>\n\t\t<\/div>\n\t\t\t\t\t<\/div>\n\t\t<\/section>\n\t\t\t\t<section class=\"elementor-section elementor-top-section elementor-element elementor-element-bac2750 elementor-section-boxed elementor-section-height-default elementor-section-height-default\" data-id=\"bac2750\" data-element_type=\"section\">\n\t\t\t\t\t\t<div class=\"elementor-container elementor-column-gap-default\">\n\t\t\t\t\t<div class=\"elementor-column elementor-col-100 elementor-top-column elementor-element elementor-element-42330a0\" data-id=\"42330a0\" data-element_type=\"column\">\n\t\t\t<div class=\"elementor-widget-wrap\">\n\t\t\t\t\t\t\t<\/div>\n\t\t<\/div>\n\t\t\t\t\t<\/div>\n\t\t<\/section>\n\t\t\t\t<\/div>\n\t\t","protected":false},"excerpt":{"rendered":"<p>Probentermine Die Proben finden w\u00f6chentlich samstags von 10:30 Uhr bis 12:30 Uhr statt Der Probeort ist in der Turnhalle in Bobenheim am Berg (neben dem Vereinshaus) Ein Riesenerfolg! Am 9.11.2019 um 10:30 Uhr fand die Informationsveranstaltung f\u00fcr die Bl\u00e4serklasseXL in Bobenheim am Berg statt. Im Vorfeld sp\u00fcrten die Organisatoren bereits ein gro\u00dfes Interesse f\u00fcr das &#8230; <a title=\"Start\" class=\"read-more\" href=\"https:\/\/www.musikverein-bobenheim.de\/projekt\/\" aria-label=\"Mehr Informationen \u00fcber Start\">Weiterlesen<\/a><\/p>\n","protected":false},"author":1,"featured_media":0,"parent":0,"menu_order":0,"comment_status":"closed","ping_status":"closed","template":"","meta":{"footnotes":""},"_links":{"self":[{"href":"https:\/\/www.musikverein-bobenheim.de\/projekt\/wp-json\/wp\/v2\/pages\/13"}],"collection":[{"href":"https:\/\/www.musikverein-bobenheim.de\/projekt\/wp-json\/wp\/v2\/pages"}],"about":[{"href":"https:\/\/www.musikverein-bobenheim.de\/projekt\/wp-json\/wp\/v2\/types\/page"}],"author":[{"embeddable":true,"href":"https:\/\/www.musikverein-bobenheim.de\/projekt\/wp-json\/wp\/v2\/users\/1"}],"replies":[{"embeddable":true,"href":"https:\/\/www.musikverein-bobenheim.de\/projekt\/wp-json\/wp\/v2\/comments?post=13"}],"version-history":[{"count":124,"href":"https:\/\/www.musikverein-bobenheim.de\/projekt\/wp-json\/wp\/v2\/pages\/13\/revisions"}],"predecessor-version":[{"id":722,"href":"https:\/\/www.musikverein-bobenheim.de\/projekt\/wp-json\/wp\/v2\/pages\/13\/revisions\/722"}],"wp:attachment":[{"href":"https:\/\/www.musikverein-bobenheim.de\/projekt\/wp-json\/wp\/v2\/media?parent=13"}],"curies":[{"name":"wp","href":"https:\/\/api.w.org\/{rel}","templated":true}]}}