{"id":18,"date":"2018-03-07T12:35:33","date_gmt":"2018-03-07T11:35:33","guid":{"rendered":"http:\/\/www.musikverein-bobenheim.de\/projekt\/?page_id=18"},"modified":"2021-12-31T13:46:46","modified_gmt":"2021-12-31T12:46:46","slug":"repertoire","status":"publish","type":"page","link":"https:\/\/www.musikverein-bobenheim.de\/projekt\/repertoire\/","title":{"rendered":"Galerie"},"content":{"rendered":"\t\t<div data-elementor-type=\"wp-page\" data-elementor-id=\"18\" class=\"elementor elementor-18\">\n\t\t\t\t\t\t<section class=\"elementor-section elementor-top-section elementor-element elementor-element-202b541 elementor-section-boxed elementor-section-height-default elementor-section-height-default\" data-id=\"202b541\" data-element_type=\"section\">\n\t\t\t\t\t\t<div class=\"elementor-container elementor-column-gap-default\">\n\t\t\t\t\t<div class=\"elementor-column elementor-col-100 elementor-top-column elementor-element elementor-element-bc4d239\" data-id=\"bc4d239\" data-element_type=\"column\">\n\t\t\t<div class=\"elementor-widget-wrap elementor-element-populated\">\n\t\t\t\t\t\t<div class=\"elementor-element elementor-element-063fc16 elementor-widget elementor-widget-toggle\" data-id=\"063fc16\" data-element_type=\"widget\" data-widget_type=\"toggle.default\">\n\t\t\t\t<div class=\"elementor-widget-container\">\n\t\t\t\t\t\t\t<div class=\"elementor-toggle\">\n\t\t\t\t\t\t\t<div class=\"elementor-toggle-item\">\n\t\t\t\t\t<div id=\"elementor-tab-title-6551\" class=\"elementor-tab-title\" data-tab=\"1\" role=\"button\" aria-controls=\"elementor-tab-content-6551\" aria-expanded=\"false\">\n\t\t\t\t\t\t\t\t\t\t\t\t<span class=\"elementor-toggle-icon elementor-toggle-icon-left\" aria-hidden=\"true\">\n\t\t\t\t\t\t\t\t\t\t\t\t\t\t\t<span class=\"elementor-toggle-icon-closed\"><i class=\"fas fa-caret-right\"><\/i><\/span>\n\t\t\t\t\t\t\t\t<span class=\"elementor-toggle-icon-opened\"><i class=\"elementor-toggle-icon-opened fas fa-caret-up\"><\/i><\/span>\n\t\t\t\t\t\t\t\t\t\t\t\t\t<\/span>\n\t\t\t\t\t\t\t\t\t\t\t\t<a class=\"elementor-toggle-title\" tabindex=\"0\">Auftritt der Bl\u00e4serklasse XL beim D\u00e4mmerschoppen der Bobenheimer<\/a>\n\t\t\t\t\t<\/div>\n\n\t\t\t\t\t<div id=\"elementor-tab-content-6551\" class=\"elementor-tab-content elementor-clearfix\" data-tab=\"1\" role=\"region\" aria-labelledby=\"elementor-tab-title-6551\"><p>Es war f\u00fcr uns alle ein spannender Abend als &#8222;Zwischengruppe&#8220; beim Unterhaltungsorchester &#8222;Bobenheimer&#8220; des Musikvereins Bobenheim am Berg mitmachen zu d\u00fcrfen.<\/p><p>Was waren wir aufgeregt&#8230;&#8230;..<\/p><p>aber der st\u00fcrmische Applaus zeigte uns, dass sich die Aufregung gelohnt hatte.<\/p><\/div>\n\t\t\t\t<\/div>\n\t\t\t\t\t\t\t\t<\/div>\n\t\t\t\t\t\t<\/div>\n\t\t\t\t<\/div>\n\t\t\t\t\t<\/div>\n\t\t<\/div>\n\t\t\t\t\t<\/div>\n\t\t<\/section>\n\t\t\t\t<section class=\"elementor-section elementor-top-section elementor-element elementor-element-fafd9af elementor-section-boxed elementor-section-height-default elementor-section-height-default\" data-id=\"fafd9af\" data-element_type=\"section\">\n\t\t\t\t\t\t<div class=\"elementor-container elementor-column-gap-default\">\n\t\t\t\t\t<div class=\"elementor-column elementor-col-100 elementor-top-column elementor-element elementor-element-1d5bc52\" data-id=\"1d5bc52\" data-element_type=\"column\">\n\t\t\t<div class=\"elementor-widget-wrap elementor-element-populated\">\n\t\t\t\t\t\t<div class=\"elementor-element elementor-element-a099b49 elementor-arrows-position-inside elementor-pagination-position-outside elementor-widget elementor-widget-image-carousel\" data-id=\"a099b49\" data-element_type=\"widget\" data-settings=\"{&quot;autoplay_speed&quot;:4000,&quot;speed&quot;:1500,&quot;navigation&quot;:&quot;both&quot;,&quot;autoplay&quot;:&quot;yes&quot;,&quot;pause_on_hover&quot;:&quot;yes&quot;,&quot;pause_on_interaction&quot;:&quot;yes&quot;,&quot;infinite&quot;:&quot;yes&quot;}\" data-widget_type=\"image-carousel.default\">\n\t\t\t\t<div class=\"elementor-widget-container\">\n\t\t\t\t\t\t\t<div class=\"elementor-image-carousel-wrapper swiper\" role=\"region\" aria-roledescription=\"carousel\" aria-label=\"Bild Karussell\" dir=\"ltr\">\n\t\t\t<div class=\"elementor-image-carousel swiper-wrapper\" aria-live=\"off\">\n\t\t\t\t\t\t\t\t<div class=\"swiper-slide\" role=\"group\" aria-roledescription=\"slide\" aria-label=\"1 von 7\"><a data-elementor-open-lightbox=\"yes\" data-elementor-lightbox-slideshow=\"a099b49\" data-elementor-lightbox-title=\"IMG_20201002_210301\" data-e-action-hash=\"#elementor-action%3Aaction%3Dlightbox%26settings%3DeyJpZCI6MzA0LCJ1cmwiOiJodHRwczpcL1wvd3d3Lm11c2lrdmVyZWluLWJvYmVuaGVpbS5kZVwvcHJvamVrdFwvd3AtY29udGVudFwvdXBsb2Fkc1wvMjAyMFwvMTFcL0lNR18yMDIwMTAwMl8yMTAzMDEtc2NhbGVkLmpwZyIsInNsaWRlc2hvdyI6ImEwOTliNDkifQ%3D%3D\" href=\"https:\/\/www.musikverein-bobenheim.de\/projekt\/wp-content\/uploads\/2020\/11\/IMG_20201002_210301-scaled.jpg\"><figure class=\"swiper-slide-inner\"><img decoding=\"async\" class=\"swiper-slide-image\" src=\"https:\/\/www.musikverein-bobenheim.de\/projekt\/wp-content\/uploads\/2020\/11\/IMG_20201002_210301-150x150.jpg\" alt=\"IMG_20201002_210301\" \/><\/figure><\/a><\/div><div class=\"swiper-slide\" role=\"group\" aria-roledescription=\"slide\" aria-label=\"2 von 7\"><a data-elementor-open-lightbox=\"yes\" data-elementor-lightbox-slideshow=\"a099b49\" data-elementor-lightbox-title=\"IMG_20201002_210318\" data-e-action-hash=\"#elementor-action%3Aaction%3Dlightbox%26settings%3DeyJpZCI6MzA1LCJ1cmwiOiJodHRwczpcL1wvd3d3Lm11c2lrdmVyZWluLWJvYmVuaGVpbS5kZVwvcHJvamVrdFwvd3AtY29udGVudFwvdXBsb2Fkc1wvMjAyMFwvMTFcL0lNR18yMDIwMTAwMl8yMTAzMTgtc2NhbGVkLmpwZyIsInNsaWRlc2hvdyI6ImEwOTliNDkifQ%3D%3D\" href=\"https:\/\/www.musikverein-bobenheim.de\/projekt\/wp-content\/uploads\/2020\/11\/IMG_20201002_210318-scaled.jpg\"><figure class=\"swiper-slide-inner\"><img decoding=\"async\" class=\"swiper-slide-image\" src=\"https:\/\/www.musikverein-bobenheim.de\/projekt\/wp-content\/uploads\/2020\/11\/IMG_20201002_210318-150x150.jpg\" alt=\"IMG_20201002_210318\" \/><\/figure><\/a><\/div><div class=\"swiper-slide\" role=\"group\" aria-roledescription=\"slide\" aria-label=\"3 von 7\"><a data-elementor-open-lightbox=\"yes\" data-elementor-lightbox-slideshow=\"a099b49\" data-elementor-lightbox-title=\"IMG_20201002_210321\" data-e-action-hash=\"#elementor-action%3Aaction%3Dlightbox%26settings%3DeyJpZCI6MzA2LCJ1cmwiOiJodHRwczpcL1wvd3d3Lm11c2lrdmVyZWluLWJvYmVuaGVpbS5kZVwvcHJvamVrdFwvd3AtY29udGVudFwvdXBsb2Fkc1wvMjAyMFwvMTFcL0lNR18yMDIwMTAwMl8yMTAzMjEtc2NhbGVkLmpwZyIsInNsaWRlc2hvdyI6ImEwOTliNDkifQ%3D%3D\" href=\"https:\/\/www.musikverein-bobenheim.de\/projekt\/wp-content\/uploads\/2020\/11\/IMG_20201002_210321-scaled.jpg\"><figure class=\"swiper-slide-inner\"><img decoding=\"async\" class=\"swiper-slide-image\" src=\"https:\/\/www.musikverein-bobenheim.de\/projekt\/wp-content\/uploads\/2020\/11\/IMG_20201002_210321-150x150.jpg\" alt=\"IMG_20201002_210321\" \/><\/figure><\/a><\/div><div class=\"swiper-slide\" role=\"group\" aria-roledescription=\"slide\" aria-label=\"4 von 7\"><a data-elementor-open-lightbox=\"yes\" data-elementor-lightbox-slideshow=\"a099b49\" data-elementor-lightbox-title=\"IMG_20201002_210502\" data-e-action-hash=\"#elementor-action%3Aaction%3Dlightbox%26settings%3DeyJpZCI6MzA3LCJ1cmwiOiJodHRwczpcL1wvd3d3Lm11c2lrdmVyZWluLWJvYmVuaGVpbS5kZVwvcHJvamVrdFwvd3AtY29udGVudFwvdXBsb2Fkc1wvMjAyMFwvMTFcL0lNR18yMDIwMTAwMl8yMTA1MDItc2NhbGVkLmpwZyIsInNsaWRlc2hvdyI6ImEwOTliNDkifQ%3D%3D\" href=\"https:\/\/www.musikverein-bobenheim.de\/projekt\/wp-content\/uploads\/2020\/11\/IMG_20201002_210502-scaled.jpg\"><figure class=\"swiper-slide-inner\"><img decoding=\"async\" class=\"swiper-slide-image\" src=\"https:\/\/www.musikverein-bobenheim.de\/projekt\/wp-content\/uploads\/2020\/11\/IMG_20201002_210502-150x150.jpg\" alt=\"IMG_20201002_210502\" \/><\/figure><\/a><\/div><div class=\"swiper-slide\" role=\"group\" aria-roledescription=\"slide\" aria-label=\"5 von 7\"><a data-elementor-open-lightbox=\"yes\" data-elementor-lightbox-slideshow=\"a099b49\" data-elementor-lightbox-title=\"IMG_20201002_210544\" data-e-action-hash=\"#elementor-action%3Aaction%3Dlightbox%26settings%3DeyJpZCI6MzA4LCJ1cmwiOiJodHRwczpcL1wvd3d3Lm11c2lrdmVyZWluLWJvYmVuaGVpbS5kZVwvcHJvamVrdFwvd3AtY29udGVudFwvdXBsb2Fkc1wvMjAyMFwvMTFcL0lNR18yMDIwMTAwMl8yMTA1NDQtc2NhbGVkLmpwZyIsInNsaWRlc2hvdyI6ImEwOTliNDkifQ%3D%3D\" href=\"https:\/\/www.musikverein-bobenheim.de\/projekt\/wp-content\/uploads\/2020\/11\/IMG_20201002_210544-scaled.jpg\"><figure class=\"swiper-slide-inner\"><img decoding=\"async\" class=\"swiper-slide-image\" src=\"https:\/\/www.musikverein-bobenheim.de\/projekt\/wp-content\/uploads\/2020\/11\/IMG_20201002_210544-150x150.jpg\" alt=\"IMG_20201002_210544\" \/><\/figure><\/a><\/div><div class=\"swiper-slide\" role=\"group\" aria-roledescription=\"slide\" aria-label=\"6 von 7\"><a data-elementor-open-lightbox=\"yes\" data-elementor-lightbox-slideshow=\"a099b49\" data-elementor-lightbox-title=\"IMG_20201002_210555\" data-e-action-hash=\"#elementor-action%3Aaction%3Dlightbox%26settings%3DeyJpZCI6MzA5LCJ1cmwiOiJodHRwczpcL1wvd3d3Lm11c2lrdmVyZWluLWJvYmVuaGVpbS5kZVwvcHJvamVrdFwvd3AtY29udGVudFwvdXBsb2Fkc1wvMjAyMFwvMTFcL0lNR18yMDIwMTAwMl8yMTA1NTUtc2NhbGVkLmpwZyIsInNsaWRlc2hvdyI6ImEwOTliNDkifQ%3D%3D\" href=\"https:\/\/www.musikverein-bobenheim.de\/projekt\/wp-content\/uploads\/2020\/11\/IMG_20201002_210555-scaled.jpg\"><figure class=\"swiper-slide-inner\"><img decoding=\"async\" class=\"swiper-slide-image\" src=\"https:\/\/www.musikverein-bobenheim.de\/projekt\/wp-content\/uploads\/2020\/11\/IMG_20201002_210555-150x150.jpg\" alt=\"IMG_20201002_210555\" \/><\/figure><\/a><\/div><div class=\"swiper-slide\" role=\"group\" aria-roledescription=\"slide\" aria-label=\"7 von 7\"><a data-elementor-open-lightbox=\"yes\" data-elementor-lightbox-slideshow=\"a099b49\" data-elementor-lightbox-title=\"IMG_20201002_210611\" data-e-action-hash=\"#elementor-action%3Aaction%3Dlightbox%26settings%3DeyJpZCI6MzEwLCJ1cmwiOiJodHRwczpcL1wvd3d3Lm11c2lrdmVyZWluLWJvYmVuaGVpbS5kZVwvcHJvamVrdFwvd3AtY29udGVudFwvdXBsb2Fkc1wvMjAyMFwvMTFcL0lNR18yMDIwMTAwMl8yMTA2MTEtc2NhbGVkLmpwZyIsInNsaWRlc2hvdyI6ImEwOTliNDkifQ%3D%3D\" href=\"https:\/\/www.musikverein-bobenheim.de\/projekt\/wp-content\/uploads\/2020\/11\/IMG_20201002_210611-scaled.jpg\"><figure class=\"swiper-slide-inner\"><img decoding=\"async\" class=\"swiper-slide-image\" src=\"https:\/\/www.musikverein-bobenheim.de\/projekt\/wp-content\/uploads\/2020\/11\/IMG_20201002_210611-150x150.jpg\" alt=\"IMG_20201002_210611\" \/><\/figure><\/a><\/div>\t\t\t<\/div>\n\t\t\t\t\t\t\t\t\t\t\t\t<div class=\"elementor-swiper-button elementor-swiper-button-prev\" role=\"button\" tabindex=\"0\">\n\t\t\t\t\t\t<i aria-hidden=\"true\" class=\"eicon-chevron-left\"><\/i>\t\t\t\t\t<\/div>\n\t\t\t\t\t<div class=\"elementor-swiper-button elementor-swiper-button-next\" role=\"button\" tabindex=\"0\">\n\t\t\t\t\t\t<i aria-hidden=\"true\" class=\"eicon-chevron-right\"><\/i>\t\t\t\t\t<\/div>\n\t\t\t\t\n\t\t\t\t\t\t\t\t\t<div class=\"swiper-pagination\"><\/div>\n\t\t\t\t\t\t\t\t\t<\/div>\n\t\t\t\t\t\t<\/div>\n\t\t\t\t<\/div>\n\t\t\t\t\t<\/div>\n\t\t<\/div>\n\t\t\t\t\t<\/div>\n\t\t<\/section>\n\t\t\t\t<section class=\"elementor-section elementor-top-section elementor-element elementor-element-b79b973 elementor-section-boxed elementor-section-height-default elementor-section-height-default\" data-id=\"b79b973\" data-element_type=\"section\">\n\t\t\t\t\t\t<div class=\"elementor-container elementor-column-gap-default\">\n\t\t\t\t\t<div class=\"elementor-column elementor-col-100 elementor-top-column elementor-element elementor-element-8539ccf\" data-id=\"8539ccf\" data-element_type=\"column\">\n\t\t\t<div class=\"elementor-widget-wrap elementor-element-populated\">\n\t\t\t\t\t\t<div class=\"elementor-element elementor-element-68770e4 elementor-widget elementor-widget-heading\" data-id=\"68770e4\" data-element_type=\"widget\" data-widget_type=\"heading.default\">\n\t\t\t\t<div class=\"elementor-widget-container\">\n\t\t\t\t\t<h2 class=\"elementor-heading-title elementor-size-default\">Die Proben haben wieder begonnen.<\/h2>\t\t\t\t<\/div>\n\t\t\t\t<\/div>\n\t\t\t\t\t<\/div>\n\t\t<\/div>\n\t\t\t\t\t<\/div>\n\t\t<\/section>\n\t\t\t\t<section class=\"elementor-section elementor-top-section elementor-element elementor-element-62e12e0 elementor-section-boxed elementor-section-height-default elementor-section-height-default\" data-id=\"62e12e0\" data-element_type=\"section\">\n\t\t\t\t\t\t<div class=\"elementor-container elementor-column-gap-default\">\n\t\t\t\t\t<div class=\"elementor-column elementor-col-100 elementor-top-column elementor-element elementor-element-1a2e01a\" data-id=\"1a2e01a\" data-element_type=\"column\">\n\t\t\t<div class=\"elementor-widget-wrap\">\n\t\t\t\t\t\t\t<\/div>\n\t\t<\/div>\n\t\t\t\t\t<\/div>\n\t\t<\/section>\n\t\t\t\t<section class=\"elementor-section elementor-top-section elementor-element elementor-element-78e507b elementor-section-boxed elementor-section-height-default elementor-section-height-default\" data-id=\"78e507b\" data-element_type=\"section\">\n\t\t\t\t\t\t<div class=\"elementor-container elementor-column-gap-default\">\n\t\t\t\t\t<div class=\"elementor-column elementor-col-100 elementor-top-column elementor-element elementor-element-c8f3a4c\" data-id=\"c8f3a4c\" data-element_type=\"column\">\n\t\t\t<div class=\"elementor-widget-wrap elementor-element-populated\">\n\t\t\t\t\t\t<div class=\"elementor-element elementor-element-f08b36e elementor-arrows-position-inside elementor-pagination-position-outside elementor-widget elementor-widget-image-carousel\" data-id=\"f08b36e\" data-element_type=\"widget\" data-settings=\"{&quot;navigation&quot;:&quot;both&quot;,&quot;autoplay&quot;:&quot;yes&quot;,&quot;pause_on_hover&quot;:&quot;yes&quot;,&quot;pause_on_interaction&quot;:&quot;yes&quot;,&quot;autoplay_speed&quot;:5000,&quot;infinite&quot;:&quot;yes&quot;,&quot;speed&quot;:500}\" data-widget_type=\"image-carousel.default\">\n\t\t\t\t<div class=\"elementor-widget-container\">\n\t\t\t\t\t\t\t<div class=\"elementor-image-carousel-wrapper swiper\" role=\"region\" aria-roledescription=\"carousel\" aria-label=\"Bild Karussell\" dir=\"ltr\">\n\t\t\t<div class=\"elementor-image-carousel swiper-wrapper\" aria-live=\"off\">\n\t\t\t\t\t\t\t\t<div class=\"swiper-slide\" role=\"group\" aria-roledescription=\"slide\" aria-label=\"1 von 6\"><a data-elementor-open-lightbox=\"yes\" data-elementor-lightbox-slideshow=\"f08b36e\" data-elementor-lightbox-title=\"P1050463\" data-e-action-hash=\"#elementor-action%3Aaction%3Dlightbox%26settings%3DeyJpZCI6MzU5LCJ1cmwiOiJodHRwczpcL1wvd3d3Lm11c2lrdmVyZWluLWJvYmVuaGVpbS5kZVwvcHJvamVrdFwvd3AtY29udGVudFwvdXBsb2Fkc1wvMjAyMVwvMDZcL1AxMDUwNDYzLXNjYWxlZC5qcGciLCJzbGlkZXNob3ciOiJmMDhiMzZlIn0%3D\" href=\"https:\/\/www.musikverein-bobenheim.de\/projekt\/wp-content\/uploads\/2021\/06\/P1050463-scaled.jpg\"><figure class=\"swiper-slide-inner\"><img decoding=\"async\" class=\"swiper-slide-image\" src=\"https:\/\/www.musikverein-bobenheim.de\/projekt\/wp-content\/uploads\/2021\/06\/P1050463-150x150.jpg\" alt=\"P1050463\" \/><\/figure><\/a><\/div><div class=\"swiper-slide\" role=\"group\" aria-roledescription=\"slide\" aria-label=\"2 von 6\"><a data-elementor-open-lightbox=\"yes\" data-elementor-lightbox-slideshow=\"f08b36e\" data-elementor-lightbox-title=\"P1050470\" data-e-action-hash=\"#elementor-action%3Aaction%3Dlightbox%26settings%3DeyJpZCI6MzYwLCJ1cmwiOiJodHRwczpcL1wvd3d3Lm11c2lrdmVyZWluLWJvYmVuaGVpbS5kZVwvcHJvamVrdFwvd3AtY29udGVudFwvdXBsb2Fkc1wvMjAyMVwvMDZcL1AxMDUwNDcwLXNjYWxlZC5qcGciLCJzbGlkZXNob3ciOiJmMDhiMzZlIn0%3D\" href=\"https:\/\/www.musikverein-bobenheim.de\/projekt\/wp-content\/uploads\/2021\/06\/P1050470-scaled.jpg\"><figure class=\"swiper-slide-inner\"><img decoding=\"async\" class=\"swiper-slide-image\" src=\"https:\/\/www.musikverein-bobenheim.de\/projekt\/wp-content\/uploads\/2021\/06\/P1050470-150x150.jpg\" alt=\"P1050470\" \/><\/figure><\/a><\/div><div class=\"swiper-slide\" role=\"group\" aria-roledescription=\"slide\" aria-label=\"3 von 6\"><a data-elementor-open-lightbox=\"yes\" data-elementor-lightbox-slideshow=\"f08b36e\" data-elementor-lightbox-title=\"P1050472\" data-e-action-hash=\"#elementor-action%3Aaction%3Dlightbox%26settings%3DeyJpZCI6MzYxLCJ1cmwiOiJodHRwczpcL1wvd3d3Lm11c2lrdmVyZWluLWJvYmVuaGVpbS5kZVwvcHJvamVrdFwvd3AtY29udGVudFwvdXBsb2Fkc1wvMjAyMVwvMDZcL1AxMDUwNDcyLXNjYWxlZC5qcGciLCJzbGlkZXNob3ciOiJmMDhiMzZlIn0%3D\" href=\"https:\/\/www.musikverein-bobenheim.de\/projekt\/wp-content\/uploads\/2021\/06\/P1050472-scaled.jpg\"><figure class=\"swiper-slide-inner\"><img decoding=\"async\" class=\"swiper-slide-image\" src=\"https:\/\/www.musikverein-bobenheim.de\/projekt\/wp-content\/uploads\/2021\/06\/P1050472-150x150.jpg\" alt=\"P1050472\" \/><\/figure><\/a><\/div><div class=\"swiper-slide\" role=\"group\" aria-roledescription=\"slide\" aria-label=\"4 von 6\"><a data-elementor-open-lightbox=\"yes\" data-elementor-lightbox-slideshow=\"f08b36e\" data-elementor-lightbox-title=\"P1050474\" data-e-action-hash=\"#elementor-action%3Aaction%3Dlightbox%26settings%3DeyJpZCI6MzYyLCJ1cmwiOiJodHRwczpcL1wvd3d3Lm11c2lrdmVyZWluLWJvYmVuaGVpbS5kZVwvcHJvamVrdFwvd3AtY29udGVudFwvdXBsb2Fkc1wvMjAyMVwvMDZcL1AxMDUwNDc0LXNjYWxlZC5qcGciLCJzbGlkZXNob3ciOiJmMDhiMzZlIn0%3D\" href=\"https:\/\/www.musikverein-bobenheim.de\/projekt\/wp-content\/uploads\/2021\/06\/P1050474-scaled.jpg\"><figure class=\"swiper-slide-inner\"><img decoding=\"async\" class=\"swiper-slide-image\" src=\"https:\/\/www.musikverein-bobenheim.de\/projekt\/wp-content\/uploads\/2021\/06\/P1050474-150x150.jpg\" alt=\"P1050474\" \/><\/figure><\/a><\/div><div class=\"swiper-slide\" role=\"group\" aria-roledescription=\"slide\" aria-label=\"5 von 6\"><a data-elementor-open-lightbox=\"yes\" data-elementor-lightbox-slideshow=\"f08b36e\" data-elementor-lightbox-title=\"P1050476\" data-e-action-hash=\"#elementor-action%3Aaction%3Dlightbox%26settings%3DeyJpZCI6MzYzLCJ1cmwiOiJodHRwczpcL1wvd3d3Lm11c2lrdmVyZWluLWJvYmVuaGVpbS5kZVwvcHJvamVrdFwvd3AtY29udGVudFwvdXBsb2Fkc1wvMjAyMVwvMDZcL1AxMDUwNDc2LXNjYWxlZC5qcGciLCJzbGlkZXNob3ciOiJmMDhiMzZlIn0%3D\" href=\"https:\/\/www.musikverein-bobenheim.de\/projekt\/wp-content\/uploads\/2021\/06\/P1050476-scaled.jpg\"><figure class=\"swiper-slide-inner\"><img decoding=\"async\" class=\"swiper-slide-image\" src=\"https:\/\/www.musikverein-bobenheim.de\/projekt\/wp-content\/uploads\/2021\/06\/P1050476-150x150.jpg\" alt=\"P1050476\" \/><\/figure><\/a><\/div><div class=\"swiper-slide\" role=\"group\" aria-roledescription=\"slide\" aria-label=\"6 von 6\"><a data-elementor-open-lightbox=\"yes\" data-elementor-lightbox-slideshow=\"f08b36e\" data-elementor-lightbox-title=\"P1050479\" data-e-action-hash=\"#elementor-action%3Aaction%3Dlightbox%26settings%3DeyJpZCI6MzY0LCJ1cmwiOiJodHRwczpcL1wvd3d3Lm11c2lrdmVyZWluLWJvYmVuaGVpbS5kZVwvcHJvamVrdFwvd3AtY29udGVudFwvdXBsb2Fkc1wvMjAyMVwvMDZcL1AxMDUwNDc5LXNjYWxlZC5qcGciLCJzbGlkZXNob3ciOiJmMDhiMzZlIn0%3D\" href=\"https:\/\/www.musikverein-bobenheim.de\/projekt\/wp-content\/uploads\/2021\/06\/P1050479-scaled.jpg\"><figure class=\"swiper-slide-inner\"><img decoding=\"async\" class=\"swiper-slide-image\" src=\"https:\/\/www.musikverein-bobenheim.de\/projekt\/wp-content\/uploads\/2021\/06\/P1050479-150x150.jpg\" alt=\"P1050479\" \/><\/figure><\/a><\/div>\t\t\t<\/div>\n\t\t\t\t\t\t\t\t\t\t\t\t<div class=\"elementor-swiper-button elementor-swiper-button-prev\" role=\"button\" tabindex=\"0\">\n\t\t\t\t\t\t<i aria-hidden=\"true\" class=\"eicon-chevron-left\"><\/i>\t\t\t\t\t<\/div>\n\t\t\t\t\t<div class=\"elementor-swiper-button elementor-swiper-button-next\" role=\"button\" tabindex=\"0\">\n\t\t\t\t\t\t<i aria-hidden=\"true\" class=\"eicon-chevron-right\"><\/i>\t\t\t\t\t<\/div>\n\t\t\t\t\n\t\t\t\t\t\t\t\t\t<div class=\"swiper-pagination\"><\/div>\n\t\t\t\t\t\t\t\t\t<\/div>\n\t\t\t\t\t\t<\/div>\n\t\t\t\t<\/div>\n\t\t\t\t\t<\/div>\n\t\t<\/div>\n\t\t\t\t\t<\/div>\n\t\t<\/section>\n\t\t\t\t<\/div>\n\t\t","protected":false},"excerpt":{"rendered":"<p>Auftritt der Bl\u00e4serklasse XL beim D\u00e4mmerschoppen der Bobenheimer Es war f\u00fcr uns alle ein spannender Abend als \u201eZwischengruppe\u201c beim Unterhaltungsorchester \u201eBobenheimer\u201c des Musikvereins Bobenheim am Berg mitmachen zu d\u00fcrfen. Was waren wir aufgeregt\u2026\u2026.. aber der st\u00fcrmische Applaus zeigte uns, dass sich die Aufregung gelohnt hatte. Zur\u00fcck Weiter Die Proben haben wieder begonnen. Zur\u00fcck Weiter<\/p>\n","protected":false},"author":1,"featured_media":0,"parent":0,"menu_order":0,"comment_status":"closed","ping_status":"closed","template":"","meta":{"footnotes":""},"_links":{"self":[{"href":"https:\/\/www.musikverein-bobenheim.de\/projekt\/wp-json\/wp\/v2\/pages\/18"}],"collection":[{"href":"https:\/\/www.musikverein-bobenheim.de\/projekt\/wp-json\/wp\/v2\/pages"}],"about":[{"href":"https:\/\/www.musikverein-bobenheim.de\/projekt\/wp-json\/wp\/v2\/types\/page"}],"author":[{"embeddable":true,"href":"https:\/\/www.musikverein-bobenheim.de\/projekt\/wp-json\/wp\/v2\/users\/1"}],"replies":[{"embeddable":true,"href":"https:\/\/www.musikverein-bobenheim.de\/projekt\/wp-json\/wp\/v2\/comments?post=18"}],"version-history":[{"count":11,"href":"https:\/\/www.musikverein-bobenheim.de\/projekt\/wp-json\/wp\/v2\/pages\/18\/revisions"}],"predecessor-version":[{"id":520,"href":"https:\/\/www.musikverein-bobenheim.de\/projekt\/wp-json\/wp\/v2\/pages\/18\/revisions\/520"}],"wp:attachment":[{"href":"https:\/\/www.musikverein-bobenheim.de\/projekt\/wp-json\/wp\/v2\/media?parent=18"}],"curies":[{"name":"wp","href":"https:\/\/api.w.org\/{rel}","templated":true}]}}